{"id":153190,"date":"2024-02-05T17:01:56","date_gmt":"2024-02-05T15:01:56","guid":{"rendered":"https:\/\/4room.lv\/?post_type=product&#038;p=153190"},"modified":"2025-11-20T17:19:46","modified_gmt":"2025-11-20T15:19:46","slug":"blossom-sofa-3-seater-sand","status":"publish","type":"product","link":"https:\/\/4room.lv\/ru\/veikals\/mebeles\/divani\/blossom-sofa-3-seater-sand\/","title":{"rendered":"Blossom Sofa 3-seater Sand"},"content":{"rendered":"","protected":false},"excerpt":{"rendered":"<p>3 &#8212; viet\u012bgs d\u012bv\u0101ns Blossom \/ Kr\u0101sa: b\u0113\u0161s \/ Izm\u0113ri : 230 X 101 X 80<\/p>\n","protected":false},"featured_media":153191,"template":"","meta":[],"product_cat":[129,145],"product_tag":[],"class_list":{"0":"post-153190","1":"product","2":"type-product","3":"status-publish","4":"has-post-thumbnail","6":"product_brand-zuiver","7":"product_cat-mebeles","8":"product_cat-divani","10":"first","11":"instock","12":"sale","13":"shipping-taxable","14":"purchasable","15":"product-type-simple"},"_links":{"self":[{"href":"https:\/\/4room.lv\/ru\/wp-json\/wp\/v2\/product\/153190","targetHints":{"allow":["GET"]}}],"collection":[{"href":"https:\/\/4room.lv\/ru\/wp-json\/wp\/v2\/product"}],"about":[{"href":"https:\/\/4room.lv\/ru\/wp-json\/wp\/v2\/types\/product"}],"wp:featuredmedia":[{"embeddable":true,"href":"https:\/\/4room.lv\/ru\/wp-json\/wp\/v2\/media\/153191"}],"wp:attachment":[{"href":"https:\/\/4room.lv\/ru\/wp-json\/wp\/v2\/media?parent=153190"}],"wp:term":[{"taxonomy":"product_cat","embeddable":true,"href":"https:\/\/4room.lv\/ru\/wp-json\/wp\/v2\/product_cat?post=153190"},{"taxonomy":"product_tag","embeddable":true,"href":"https:\/\/4room.lv\/ru\/wp-json\/wp\/v2\/product_tag?post=153190"}],"curies":[{"name":"wp","href":"https:\/\/api.w.org\/{rel}","templated":true}]}}