{"id":153474,"date":"2024-02-21T20:42:32","date_gmt":"2024-02-21T18:42:32","guid":{"rendered":"https:\/\/4room.lv\/?post_type=product&#038;p=153474"},"modified":"2025-11-13T16:17:36","modified_gmt":"2025-11-13T14:17:36","slug":"italu-kumode-romeo","status":"publish","type":"product","link":"https:\/\/4room.lv\/ru\/veikals\/mebeles\/plaukti-un-skapji\/italu-kumode-romeo\/","title":{"rendered":"It\u0101\u013cu kumode Romeo"},"content":{"rendered":"","protected":false},"excerpt":{"rendered":"<p>It\u0101\u013cu kumode Romeo \/ Kr\u0101sa : antrac\u012bts, termoozols un d\u016bmakains spogulis \/ Izm\u0113ri : 180x80x50cm \/ Materi\u0101li : melam\u012bns, ozols, spogulis<\/p>\n","protected":false},"featured_media":153475,"template":"","meta":[],"product_cat":[129,143],"product_tag":[],"class_list":{"0":"post-153474","1":"product","2":"type-product","3":"status-publish","4":"has-post-thumbnail","6":"product_brand-capodarte","7":"product_cat-mebeles","8":"product_cat-plaukti-un-skapji","10":"first","11":"instock","12":"shipping-taxable","13":"purchasable","14":"product-type-simple"},"_links":{"self":[{"href":"https:\/\/4room.lv\/ru\/wp-json\/wp\/v2\/product\/153474","targetHints":{"allow":["GET"]}}],"collection":[{"href":"https:\/\/4room.lv\/ru\/wp-json\/wp\/v2\/product"}],"about":[{"href":"https:\/\/4room.lv\/ru\/wp-json\/wp\/v2\/types\/product"}],"wp:featuredmedia":[{"embeddable":true,"href":"https:\/\/4room.lv\/ru\/wp-json\/wp\/v2\/media\/153475"}],"wp:attachment":[{"href":"https:\/\/4room.lv\/ru\/wp-json\/wp\/v2\/media?parent=153474"}],"wp:term":[{"taxonomy":"product_cat","embeddable":true,"href":"https:\/\/4room.lv\/ru\/wp-json\/wp\/v2\/product_cat?post=153474"},{"taxonomy":"product_tag","embeddable":true,"href":"https:\/\/4room.lv\/ru\/wp-json\/wp\/v2\/product_tag?post=153474"}],"curies":[{"name":"wp","href":"https:\/\/api.w.org\/{rel}","templated":true}]}}