{"id":153683,"date":"2025-02-15T11:45:48","date_gmt":"2025-02-15T09:45:48","guid":{"rendered":"https:\/\/4room.lv\/?post_type=product&#038;p=153683"},"modified":"2025-02-15T11:45:48","modified_gmt":"2025-02-15T09:45:48","slug":"wonder-lamp","status":"publish","type":"product","link":"https:\/\/4room.lv\/ru\/veikals\/berniem\/majas-aksesuari\/wonder-lamp\/","title":{"rendered":"Wonder lamp"},"content":{"rendered":"","protected":false},"excerpt":{"rendered":"<p>Stil\u012bgs dizaina priek\u0161mets un galda lampa kuras autors ir dizaineris Uto Balmoral<\/p>\n<p>Unik\u0101ls priek\u0161mets tavam interjeram vai k\u0101 ide\u0101la d\u0101vana.<\/p>\n","protected":false},"featured_media":153687,"template":"","meta":[],"product_cat":[1254,1058,1274,127,147],"product_tag":[],"class_list":{"0":"post-153683","1":"product","2":"type-product","3":"status-publish","4":"has-post-thumbnail","6":"product_brand-saletti","7":"product_cat-berniem","8":"product_cat-dizaina","9":"product_cat-majas-aksesuari","10":"product_cat-apgaismojums","11":"product_cat-dekorativais","13":"first","14":"instock","15":"shipping-taxable","16":"purchasable","17":"product-type-simple","18":"hongo-alternate-image-wrap"},"_links":{"self":[{"href":"https:\/\/4room.lv\/ru\/wp-json\/wp\/v2\/product\/153683","targetHints":{"allow":["GET"]}}],"collection":[{"href":"https:\/\/4room.lv\/ru\/wp-json\/wp\/v2\/product"}],"about":[{"href":"https:\/\/4room.lv\/ru\/wp-json\/wp\/v2\/types\/product"}],"wp:featuredmedia":[{"embeddable":true,"href":"https:\/\/4room.lv\/ru\/wp-json\/wp\/v2\/media\/153687"}],"wp:attachment":[{"href":"https:\/\/4room.lv\/ru\/wp-json\/wp\/v2\/media?parent=153683"}],"wp:term":[{"taxonomy":"product_cat","embeddable":true,"href":"https:\/\/4room.lv\/ru\/wp-json\/wp\/v2\/product_cat?post=153683"},{"taxonomy":"product_tag","embeddable":true,"href":"https:\/\/4room.lv\/ru\/wp-json\/wp\/v2\/product_tag?post=153683"}],"curies":[{"name":"wp","href":"https:\/\/api.w.org\/{rel}","templated":true}]}}