{"id":153693,"date":"2025-02-15T11:55:25","date_gmt":"2025-02-15T09:55:25","guid":{"rendered":"https:\/\/4room.lv\/?post_type=product&#038;p=153693"},"modified":"2025-02-16T12:18:46","modified_gmt":"2025-02-16T10:18:46","slug":"roller-pendant-white","status":"publish","type":"product","link":"https:\/\/4room.lv\/ru\/veikals\/apgaismojums\/dekorativais\/roller-pendant-white\/","title":{"rendered":"Roller pendant white"},"content":{"rendered":"","protected":false},"excerpt":{"rendered":"<p>Moderns augstum\u0101 reguilejams gaismeklis ar jaud\u012bgu Led. Izvelkams viegli pavelkot gaismekli, l\u012bdz pat 1,8m<\/p>\n<p>Balts met\u0101la korpuss un melns stirpin\u0101jums. Plata le\u0146\u0137a stikla l\u0113ca, kas izstaro 100olm labam apgaismojumam.<\/p>\n<p>Id\u0113ali piem\u0113rots b\u016bs virs galda vai letes, vai pie gultas virs naktsskap\u012b\u0161iem.<\/p>\n","protected":false},"featured_media":153697,"template":"","meta":[],"product_cat":[127,147],"product_tag":[],"class_list":{"0":"post-153693","1":"product","2":"type-product","3":"status-publish","4":"has-post-thumbnail","6":"product_brand-mantra","7":"product_cat-apgaismojums","8":"product_cat-dekorativais","10":"first","11":"instock","12":"sale","13":"shipping-taxable","14":"purchasable","15":"product-type-simple","16":"hongo-alternate-image-wrap"},"_links":{"self":[{"href":"https:\/\/4room.lv\/ru\/wp-json\/wp\/v2\/product\/153693","targetHints":{"allow":["GET"]}}],"collection":[{"href":"https:\/\/4room.lv\/ru\/wp-json\/wp\/v2\/product"}],"about":[{"href":"https:\/\/4room.lv\/ru\/wp-json\/wp\/v2\/types\/product"}],"wp:featuredmedia":[{"embeddable":true,"href":"https:\/\/4room.lv\/ru\/wp-json\/wp\/v2\/media\/153697"}],"wp:attachment":[{"href":"https:\/\/4room.lv\/ru\/wp-json\/wp\/v2\/media?parent=153693"}],"wp:term":[{"taxonomy":"product_cat","embeddable":true,"href":"https:\/\/4room.lv\/ru\/wp-json\/wp\/v2\/product_cat?post=153693"},{"taxonomy":"product_tag","embeddable":true,"href":"https:\/\/4room.lv\/ru\/wp-json\/wp\/v2\/product_tag?post=153693"}],"curies":[{"name":"wp","href":"https:\/\/api.w.org\/{rel}","templated":true}]}}