{"id":153723,"date":"2025-02-15T18:32:39","date_gmt":"2025-02-15T16:32:39","guid":{"rendered":"https:\/\/4room.lv\/?post_type=product&#038;p=153723"},"modified":"2025-02-15T19:09:39","modified_gmt":"2025-02-15T17:09:39","slug":"femke-dining-chair-olive","status":"publish","type":"product","link":"https:\/\/4room.lv\/ru\/veikals\/mebeles\/kresli\/femke-dining-chair-olive\/","title":{"rendered":"Femke dining chair olive"},"content":{"rendered":"","protected":false},"excerpt":{"rendered":"<p>Stil\u012bgs pusdienu kr\u0113sls ar melna met\u0101la k\u0101j\u0101m un ol\u012bvza\u013cu auduma apdari. \u0112rts, m\u016bsdien\u012bgs un viegli kopjams.\u00a0 Viegli pieska\u0146ojams da\u017e\u0101da stila \u0113damgaldiem.<\/p>\n","protected":false},"featured_media":153739,"template":"","meta":[],"product_cat":[129,144],"product_tag":[],"class_list":{"0":"post-153723","1":"product","2":"type-product","3":"status-publish","4":"has-post-thumbnail","6":"product_cat-mebeles","7":"product_cat-kresli","8":"product_shipping_class-4room","10":"first","11":"instock","12":"sale","13":"shipping-taxable","14":"purchasable","15":"product-type-simple"},"_links":{"self":[{"href":"https:\/\/4room.lv\/ru\/wp-json\/wp\/v2\/product\/153723","targetHints":{"allow":["GET"]}}],"collection":[{"href":"https:\/\/4room.lv\/ru\/wp-json\/wp\/v2\/product"}],"about":[{"href":"https:\/\/4room.lv\/ru\/wp-json\/wp\/v2\/types\/product"}],"wp:featuredmedia":[{"embeddable":true,"href":"https:\/\/4room.lv\/ru\/wp-json\/wp\/v2\/media\/153739"}],"wp:attachment":[{"href":"https:\/\/4room.lv\/ru\/wp-json\/wp\/v2\/media?parent=153723"}],"wp:term":[{"taxonomy":"product_cat","embeddable":true,"href":"https:\/\/4room.lv\/ru\/wp-json\/wp\/v2\/product_cat?post=153723"},{"taxonomy":"product_tag","embeddable":true,"href":"https:\/\/4room.lv\/ru\/wp-json\/wp\/v2\/product_tag?post=153723"}],"curies":[{"name":"wp","href":"https:\/\/api.w.org\/{rel}","templated":true}]}}