{"id":153759,"date":"2025-02-15T19:05:25","date_gmt":"2025-02-15T17:05:25","guid":{"rendered":"https:\/\/4room.lv\/?post_type=product&#038;p=153759"},"modified":"2025-12-28T19:19:00","modified_gmt":"2025-12-28T17:19:00","slug":"marble-time-pulkstenis","status":"publish","type":"product","link":"https:\/\/4room.lv\/ru\/veikals\/interjeram\/pulksteni\/marble-time-pulkstenis\/","title":{"rendered":"Marble Time pulkstenis"},"content":{"rendered":"","protected":false},"excerpt":{"rendered":"<p>Marmora pulkstenis meln\u0101 ton\u012b ar gai\u0161u dz\u012bslojumu, misi\u0146a r\u0101d\u012btajiem.. Elegants un m\u016bsdien\u012bgs laikr\u0101dis j\u016bsu interjeram!<\/p>\n","protected":false},"featured_media":153763,"template":"","meta":[],"product_cat":[130,135],"product_tag":[],"class_list":{"0":"post-153759","1":"product","2":"type-product","3":"status-publish","4":"has-post-thumbnail","6":"product_brand-dutch-bone","7":"product_brand-white-label-living","8":"product_brand-zuiver","9":"product_cat-interjeram","10":"product_cat-pulksteni","12":"first","13":"instock","14":"shipping-taxable","15":"purchasable","16":"product-type-simple"},"_links":{"self":[{"href":"https:\/\/4room.lv\/ru\/wp-json\/wp\/v2\/product\/153759","targetHints":{"allow":["GET"]}}],"collection":[{"href":"https:\/\/4room.lv\/ru\/wp-json\/wp\/v2\/product"}],"about":[{"href":"https:\/\/4room.lv\/ru\/wp-json\/wp\/v2\/types\/product"}],"wp:featuredmedia":[{"embeddable":true,"href":"https:\/\/4room.lv\/ru\/wp-json\/wp\/v2\/media\/153763"}],"wp:attachment":[{"href":"https:\/\/4room.lv\/ru\/wp-json\/wp\/v2\/media?parent=153759"}],"wp:term":[{"taxonomy":"product_cat","embeddable":true,"href":"https:\/\/4room.lv\/ru\/wp-json\/wp\/v2\/product_cat?post=153759"},{"taxonomy":"product_tag","embeddable":true,"href":"https:\/\/4room.lv\/ru\/wp-json\/wp\/v2\/product_tag?post=153759"}],"curies":[{"name":"wp","href":"https:\/\/api.w.org\/{rel}","templated":true}]}}