{"id":153769,"date":"2025-02-16T10:07:34","date_gmt":"2025-02-16T08:07:34","guid":{"rendered":"https:\/\/4room.lv\/?post_type=product&#038;p=153769"},"modified":"2025-02-16T11:26:44","modified_gmt":"2025-02-16T09:26:44","slug":"tolomeo-micro-table-led-3000k-body-lamp-base","status":"publish","type":"product","link":"https:\/\/4room.lv\/ru\/veikals\/apgaismojums\/dekorativais\/tolomeo-micro-table-led-3000k-body-lamp-base\/","title":{"rendered":"Tolomeo Micro Table LED 3000K &#8212; Body lamp + Base"},"content":{"rendered":"","protected":false},"excerpt":{"rendered":"<p>Ikonisk\u0101 Tolomeo galda lampa praktisk\u0101 izm\u0113r\u0101. Viegli regul\u0113jama k\u0101ja ar groz\u0101mu galvu un stabilu pamatni. Jaud\u012bgs Integr\u0113ts Led ar dimeri. Alum\u012bnija ton\u012b.<\/p>\n<p>\u0160\u012b vis\u0101 pasaul\u0113 popul\u0101r\u0101 dizaina ikona priec\u0113 kop\u0161 1987 gada un ir divu dizaineru gara darbs &#8212; Michele De Lucchi un Giancarlo Fassina<\/p>\n","protected":false},"featured_media":153800,"template":"","meta":[],"product_cat":[1058,127,147],"product_tag":[],"class_list":{"0":"post-153769","1":"product","2":"type-product","3":"status-publish","4":"has-post-thumbnail","6":"product_brand-artemide","7":"product_cat-dizaina","8":"product_cat-apgaismojums","9":"product_cat-dekorativais","11":"first","12":"instock","13":"shipping-taxable","14":"purchasable","15":"product-type-simple","16":"hongo-alternate-image-wrap"},"_links":{"self":[{"href":"https:\/\/4room.lv\/ru\/wp-json\/wp\/v2\/product\/153769","targetHints":{"allow":["GET"]}}],"collection":[{"href":"https:\/\/4room.lv\/ru\/wp-json\/wp\/v2\/product"}],"about":[{"href":"https:\/\/4room.lv\/ru\/wp-json\/wp\/v2\/types\/product"}],"wp:featuredmedia":[{"embeddable":true,"href":"https:\/\/4room.lv\/ru\/wp-json\/wp\/v2\/media\/153800"}],"wp:attachment":[{"href":"https:\/\/4room.lv\/ru\/wp-json\/wp\/v2\/media?parent=153769"}],"wp:term":[{"taxonomy":"product_cat","embeddable":true,"href":"https:\/\/4room.lv\/ru\/wp-json\/wp\/v2\/product_cat?post=153769"},{"taxonomy":"product_tag","embeddable":true,"href":"https:\/\/4room.lv\/ru\/wp-json\/wp\/v2\/product_tag?post=153769"}],"curies":[{"name":"wp","href":"https:\/\/api.w.org\/{rel}","templated":true}]}}