{"id":154060,"date":"2025-02-19T18:20:51","date_gmt":"2025-02-19T16:20:51","guid":{"rendered":"https:\/\/4room.lv\/?post_type=product&#038;p=154060"},"modified":"2025-02-19T19:20:46","modified_gmt":"2025-02-19T17:20:46","slug":"pendant-lamp-fiberglass","status":"publish","type":"product","link":"https:\/\/4room.lv\/ru\/veikals\/apgaismojums\/dekorativais\/pendant-lamp-fiberglass\/","title":{"rendered":"Pendant lamp Fiberglass"},"content":{"rendered":"","protected":false},"excerpt":{"rendered":"<p>Wabisabi stila gaismekli \u012bpa\u0161am akcentam interjera. Maiga neregular\u0101 forma ar uz leju v\u0113rstu apgaismojumu. Skaists viens pats, bet lielisku efektu rada vair\u0101ku gaismek\u013cu kombin\u0101cija.<\/p>\n<p>&nbsp;<\/p>\n<p>&nbsp;<\/p>\n","protected":false},"featured_media":154068,"template":"","meta":[],"product_cat":[127,147],"product_tag":[],"class_list":{"0":"post-154060","1":"product","2":"type-product","3":"status-publish","4":"has-post-thumbnail","6":"product_brand-zambelis","7":"product_cat-apgaismojums","8":"product_cat-dekorativais","10":"first","11":"instock","12":"shipping-taxable","13":"purchasable","14":"product-type-simple","15":"hongo-alternate-image-wrap"},"_links":{"self":[{"href":"https:\/\/4room.lv\/ru\/wp-json\/wp\/v2\/product\/154060","targetHints":{"allow":["GET"]}}],"collection":[{"href":"https:\/\/4room.lv\/ru\/wp-json\/wp\/v2\/product"}],"about":[{"href":"https:\/\/4room.lv\/ru\/wp-json\/wp\/v2\/types\/product"}],"wp:featuredmedia":[{"embeddable":true,"href":"https:\/\/4room.lv\/ru\/wp-json\/wp\/v2\/media\/154068"}],"wp:attachment":[{"href":"https:\/\/4room.lv\/ru\/wp-json\/wp\/v2\/media?parent=154060"}],"wp:term":[{"taxonomy":"product_cat","embeddable":true,"href":"https:\/\/4room.lv\/ru\/wp-json\/wp\/v2\/product_cat?post=154060"},{"taxonomy":"product_tag","embeddable":true,"href":"https:\/\/4room.lv\/ru\/wp-json\/wp\/v2\/product_tag?post=154060"}],"curies":[{"name":"wp","href":"https:\/\/api.w.org\/{rel}","templated":true}]}}