{"id":154129,"date":"2025-02-20T09:34:06","date_gmt":"2025-02-20T07:34:06","guid":{"rendered":"https:\/\/4room.lv\/?post_type=product&#038;p=154129"},"modified":"2025-02-20T09:36:04","modified_gmt":"2025-02-20T07:36:04","slug":"led-ring-black-3x","status":"publish","type":"product","link":"https:\/\/4room.lv\/ru\/veikals\/apgaismojums\/dekorativais\/led-ring-black-3x\/","title":{"rendered":"Led Ring black 3x"},"content":{"rendered":"","protected":false},"excerpt":{"rendered":"<p>Led ri\u0146\u0137i kas stiprin\u0101ti vien\u0101 griestu stiprin\u0101jum\u0101, attiec\u012bgi nepieciecie\u0161ams tikai viens izvads.<\/p>\n<p>Ri\u0146i ir 80\/60\/40cm diametros.<\/p>\n","protected":false},"featured_media":154130,"template":"","meta":[],"product_cat":[127,148,147],"product_tag":[],"class_list":{"0":"post-154129","1":"product","2":"type-product","3":"status-publish","4":"has-post-thumbnail","6":"product_cat-apgaismojums","7":"product_cat-arhitekturalais","8":"product_cat-dekorativais","10":"first","11":"instock","12":"shipping-taxable","13":"purchasable","14":"product-type-simple","15":"hongo-alternate-image-wrap"},"_links":{"self":[{"href":"https:\/\/4room.lv\/ru\/wp-json\/wp\/v2\/product\/154129","targetHints":{"allow":["GET"]}}],"collection":[{"href":"https:\/\/4room.lv\/ru\/wp-json\/wp\/v2\/product"}],"about":[{"href":"https:\/\/4room.lv\/ru\/wp-json\/wp\/v2\/types\/product"}],"wp:featuredmedia":[{"embeddable":true,"href":"https:\/\/4room.lv\/ru\/wp-json\/wp\/v2\/media\/154130"}],"wp:attachment":[{"href":"https:\/\/4room.lv\/ru\/wp-json\/wp\/v2\/media?parent=154129"}],"wp:term":[{"taxonomy":"product_cat","embeddable":true,"href":"https:\/\/4room.lv\/ru\/wp-json\/wp\/v2\/product_cat?post=154129"},{"taxonomy":"product_tag","embeddable":true,"href":"https:\/\/4room.lv\/ru\/wp-json\/wp\/v2\/product_tag?post=154129"}],"curies":[{"name":"wp","href":"https:\/\/api.w.org\/{rel}","templated":true}]}}