{"id":154302,"date":"2025-02-26T10:03:14","date_gmt":"2025-02-26T08:03:14","guid":{"rendered":"https:\/\/4room.lv\/?post_type=product&#038;p=154302"},"modified":"2025-04-03T11:23:15","modified_gmt":"2025-04-03T08:23:15","slug":"mib-6-table-lamp","status":"publish","type":"product","link":"https:\/\/4room.lv\/ru\/veikals\/apgaismojums\/dekorativais\/mib-6-table-lamp\/","title":{"rendered":"Mib 6 table lamp"},"content":{"rendered":"","protected":false},"excerpt":{"rendered":"<p>M\u016bsdien\u012bgs galda gaismeklis ar Gu10 spuldzes cokolu. Gaismek\u013ca galva ir virz\u0101ma, kas b\u016bs labs risin\u0101jums las\u012b\u0161anai un darbam, jo gaismas virzienu var\u0113siet piel\u0101got. Iesl\u0113g\u0161anas un izsl\u0113g\u0161anas poga ir \u0113rti novietota uz gaismek\u013ca galvas \u0113rt\u0101kai sl\u0113g\u0161anai. K\u0101 ar\u012b lampai ir iespaid\u012bgs 250cm gar\u0161 vads rozetei. Var\u0113siet novietot gaismekli v\u0113lam\u0101 vieta, neauztraucoties ka kabelis b\u016bs par \u012bsu.<\/p>\n","protected":false},"featured_media":154309,"template":"","meta":[],"product_cat":[127,147],"product_tag":[],"class_list":{"0":"post-154302","1":"product","2":"type-product","3":"status-publish","4":"has-post-thumbnail","6":"product_brand-nordlux","7":"product_cat-apgaismojums","8":"product_cat-dekorativais","10":"first","11":"instock","12":"shipping-taxable","13":"purchasable","14":"product-type-simple","15":"hongo-alternate-image-wrap"},"_links":{"self":[{"href":"https:\/\/4room.lv\/ru\/wp-json\/wp\/v2\/product\/154302","targetHints":{"allow":["GET"]}}],"collection":[{"href":"https:\/\/4room.lv\/ru\/wp-json\/wp\/v2\/product"}],"about":[{"href":"https:\/\/4room.lv\/ru\/wp-json\/wp\/v2\/types\/product"}],"wp:featuredmedia":[{"embeddable":true,"href":"https:\/\/4room.lv\/ru\/wp-json\/wp\/v2\/media\/154309"}],"wp:attachment":[{"href":"https:\/\/4room.lv\/ru\/wp-json\/wp\/v2\/media?parent=154302"}],"wp:term":[{"taxonomy":"product_cat","embeddable":true,"href":"https:\/\/4room.lv\/ru\/wp-json\/wp\/v2\/product_cat?post=154302"},{"taxonomy":"product_tag","embeddable":true,"href":"https:\/\/4room.lv\/ru\/wp-json\/wp\/v2\/product_tag?post=154302"}],"curies":[{"name":"wp","href":"https:\/\/api.w.org\/{rel}","templated":true}]}}