{"id":154408,"date":"2025-02-26T11:41:18","date_gmt":"2025-02-26T09:41:18","guid":{"rendered":"https:\/\/4room.lv\/?post_type=product&#038;p=154408"},"modified":"2025-12-28T19:19:00","modified_gmt":"2025-12-28T17:19:00","slug":"vina-plaukts-cantor-s","status":"publish","type":"product","link":"https:\/\/4room.lv\/ru\/veikals\/mebeles\/plaukti-un-skapji\/vina-plaukts-cantor-s\/","title":{"rendered":"V\u012bna plaukts Cantor S"},"content":{"rendered":"","protected":false},"excerpt":{"rendered":"<p>Uzglab\u0101jiet savu sarkanv\u012bnu ar stilu! Lielisks risin\u0101jums tiem, kas vel\u0101s \u0113rtu bara plaukti\u0146u, kur \u0113rti var uzglab\u0101t un ekspon\u0113t pudeles, k\u0101 a\u0157\u012b paroc\u012bgi novietot gl\u0101zes.<\/p>\n<p>Plauktam ir 4 pude\u013cu plaukti, br\u012bva vieta paksa, kur novietot nestandarta izm\u0113rus. K\u0101 ar\u012b 4 gl\u0101\u017eu sliedes kur\u0101 katr\u0101 var vid\u0113ji 3 gl\u0101zes ieveitot.<\/p>\n<p>Plaukts ir no dzelzs, tas b\u016bs stabils un iztur\u012bgs.<\/p>\n","protected":false},"featured_media":154409,"template":"","meta":[],"product_cat":[129,143],"product_tag":[],"class_list":{"0":"post-154408","1":"product","2":"type-product","3":"status-publish","4":"has-post-thumbnail","6":"product_brand-dutch-bone","7":"product_brand-white-label-living","8":"product_brand-zuiver","9":"product_cat-mebeles","10":"product_cat-plaukti-un-skapji","12":"first","13":"instock","14":"shipping-taxable","15":"purchasable","16":"product-type-simple","17":"hongo-alternate-image-wrap"},"_links":{"self":[{"href":"https:\/\/4room.lv\/ru\/wp-json\/wp\/v2\/product\/154408","targetHints":{"allow":["GET"]}}],"collection":[{"href":"https:\/\/4room.lv\/ru\/wp-json\/wp\/v2\/product"}],"about":[{"href":"https:\/\/4room.lv\/ru\/wp-json\/wp\/v2\/types\/product"}],"wp:featuredmedia":[{"embeddable":true,"href":"https:\/\/4room.lv\/ru\/wp-json\/wp\/v2\/media\/154409"}],"wp:attachment":[{"href":"https:\/\/4room.lv\/ru\/wp-json\/wp\/v2\/media?parent=154408"}],"wp:term":[{"taxonomy":"product_cat","embeddable":true,"href":"https:\/\/4room.lv\/ru\/wp-json\/wp\/v2\/product_cat?post=154408"},{"taxonomy":"product_tag","embeddable":true,"href":"https:\/\/4room.lv\/ru\/wp-json\/wp\/v2\/product_tag?post=154408"}],"curies":[{"name":"wp","href":"https:\/\/api.w.org\/{rel}","templated":true}]}}