{"id":154437,"date":"2025-02-26T12:07:31","date_gmt":"2025-02-26T10:07:31","guid":{"rendered":"https:\/\/4room.lv\/?post_type=product&#038;p=154437"},"modified":"2025-02-26T12:07:31","modified_gmt":"2025-02-26T10:07:31","slug":"pendant-hollywood","status":"publish","type":"product","link":"https:\/\/4room.lv\/ru\/veikals\/apgaismojums\/dekorativais\/pendant-hollywood\/","title":{"rendered":"Pendant Hollywood"},"content":{"rendered":"","protected":false},"excerpt":{"rendered":"<p>Neliels elegants gaismekl\u012btis, kas apvieno retro ar m\u016bsdien\u012bgo. Skaistais rievotais stikls rad\u012bs skaistu gaismas sp\u0113li. Tai ir gar\u0161, melns 3m gar\u0161 vads, l\u012bdz ar to der\u0113s ar\u012b augstiem griestiem. Jauki izskat\u0101s viena, ta\u010du lielisku efektu rada vair\u0101kas kompoz\u012bcij\u0101.<\/p>\n<p>\u0160im gaismeklis ir E27 patrona un var\u0113siet viegli piemekl\u0113t atbilsto\u0161\u0101ku spuldzi p\u0113c sav\u0101m vajadz\u012bb\u0101m. M\u0113s ieteiktu izv\u0113l\u0113ties caursp\u012bd\u012bgu Led spuldzi, lai stikls izgaismotos skaist\u0101k.<\/p>\n","protected":false},"featured_media":154441,"template":"","meta":[],"product_cat":[127,147],"product_tag":[],"class_list":{"0":"post-154437","1":"product","2":"type-product","3":"status-publish","4":"has-post-thumbnail","6":"product_brand-nordlux","7":"product_cat-apgaismojums","8":"product_cat-dekorativais","10":"first","11":"instock","12":"shipping-taxable","13":"purchasable","14":"product-type-simple","15":"hongo-alternate-image-wrap"},"_links":{"self":[{"href":"https:\/\/4room.lv\/ru\/wp-json\/wp\/v2\/product\/154437","targetHints":{"allow":["GET"]}}],"collection":[{"href":"https:\/\/4room.lv\/ru\/wp-json\/wp\/v2\/product"}],"about":[{"href":"https:\/\/4room.lv\/ru\/wp-json\/wp\/v2\/types\/product"}],"wp:featuredmedia":[{"embeddable":true,"href":"https:\/\/4room.lv\/ru\/wp-json\/wp\/v2\/media\/154441"}],"wp:attachment":[{"href":"https:\/\/4room.lv\/ru\/wp-json\/wp\/v2\/media?parent=154437"}],"wp:term":[{"taxonomy":"product_cat","embeddable":true,"href":"https:\/\/4room.lv\/ru\/wp-json\/wp\/v2\/product_cat?post=154437"},{"taxonomy":"product_tag","embeddable":true,"href":"https:\/\/4room.lv\/ru\/wp-json\/wp\/v2\/product_tag?post=154437"}],"curies":[{"name":"wp","href":"https:\/\/api.w.org\/{rel}","templated":true}]}}