{"id":154483,"date":"2025-02-28T10:17:16","date_gmt":"2025-02-28T08:17:16","guid":{"rendered":"https:\/\/4room.lv\/?post_type=product&#038;p=154483"},"modified":"2025-12-28T19:19:00","modified_gmt":"2025-12-28T17:19:00","slug":"cooler-be-cute-orange","status":"publish","type":"product","link":"https:\/\/4room.lv\/ru\/veikals\/interjeram\/cooler-be-cute-orange\/","title":{"rendered":"Cooler Be Cute Orange"},"content":{"rendered":"","protected":false},"excerpt":{"rendered":"<p>Sagaidi vasaru ar stilu. Stil\u012bga un ko\u0161a aukstuma kaste taviem vasaras piedz\u012bvojumiem!<\/p>\n","protected":false},"featured_media":154485,"template":"","meta":[],"product_cat":[130],"product_tag":[],"class_list":{"0":"post-154483","1":"product","2":"type-product","3":"status-publish","4":"has-post-thumbnail","6":"product_brand-dutch-bone","7":"product_brand-white-label-living","8":"product_brand-zuiver","9":"product_cat-interjeram","11":"first","12":"instock","13":"shipping-taxable","14":"purchasable","15":"product-type-simple","16":"hongo-alternate-image-wrap"},"_links":{"self":[{"href":"https:\/\/4room.lv\/ru\/wp-json\/wp\/v2\/product\/154483","targetHints":{"allow":["GET"]}}],"collection":[{"href":"https:\/\/4room.lv\/ru\/wp-json\/wp\/v2\/product"}],"about":[{"href":"https:\/\/4room.lv\/ru\/wp-json\/wp\/v2\/types\/product"}],"wp:featuredmedia":[{"embeddable":true,"href":"https:\/\/4room.lv\/ru\/wp-json\/wp\/v2\/media\/154485"}],"wp:attachment":[{"href":"https:\/\/4room.lv\/ru\/wp-json\/wp\/v2\/media?parent=154483"}],"wp:term":[{"taxonomy":"product_cat","embeddable":true,"href":"https:\/\/4room.lv\/ru\/wp-json\/wp\/v2\/product_cat?post=154483"},{"taxonomy":"product_tag","embeddable":true,"href":"https:\/\/4room.lv\/ru\/wp-json\/wp\/v2\/product_tag?post=154483"}],"curies":[{"name":"wp","href":"https:\/\/api.w.org\/{rel}","templated":true}]}}