{"id":154500,"date":"2025-02-28T10:33:41","date_gmt":"2025-02-28T08:33:41","guid":{"rendered":"https:\/\/4room.lv\/?post_type=product&#038;p=154500"},"modified":"2025-02-28T10:34:26","modified_gmt":"2025-02-28T08:34:26","slug":"liva-smart-ceiling","status":"publish","type":"product","link":"https:\/\/4room.lv\/ru\/veikals\/apgaismojums\/dekorativais\/liva-smart-ceiling\/","title":{"rendered":"Liva Smart ceiling"},"content":{"rendered":"","protected":false},"excerpt":{"rendered":"<p>Pl\u0101ns griestu gaismeklis 36cm diametr\u0101, kam ir pla\u0161as izmanto\u0161anas iesp\u0113jas visda\u017e\u0101d\u0101kaj\u0101s telp\u0101s.<\/p>\n<p>Tam ir regul\u0101cijas iesp\u0113ja ar aplik\u0101ciju. Variet izvel\u0113ties balto gaismu spektros no 2700K l\u012bdz pat 6500K, k\u0101 ar\u012b izmantot RGB funkciju, kad grib\u0101s \u012bpa\u0161u atmosf\u0113ru.<\/p>\n<p>&nbsp;<\/p>\n","protected":false},"featured_media":154501,"template":"","meta":[],"product_cat":[127,148,147],"product_tag":[],"class_list":{"0":"post-154500","1":"product","2":"type-product","3":"status-publish","4":"has-post-thumbnail","6":"product_brand-nordlux","7":"product_cat-apgaismojums","8":"product_cat-arhitekturalais","9":"product_cat-dekorativais","11":"first","12":"instock","13":"shipping-taxable","14":"purchasable","15":"product-type-simple","16":"hongo-alternate-image-wrap"},"_links":{"self":[{"href":"https:\/\/4room.lv\/ru\/wp-json\/wp\/v2\/product\/154500","targetHints":{"allow":["GET"]}}],"collection":[{"href":"https:\/\/4room.lv\/ru\/wp-json\/wp\/v2\/product"}],"about":[{"href":"https:\/\/4room.lv\/ru\/wp-json\/wp\/v2\/types\/product"}],"wp:featuredmedia":[{"embeddable":true,"href":"https:\/\/4room.lv\/ru\/wp-json\/wp\/v2\/media\/154501"}],"wp:attachment":[{"href":"https:\/\/4room.lv\/ru\/wp-json\/wp\/v2\/media?parent=154500"}],"wp:term":[{"taxonomy":"product_cat","embeddable":true,"href":"https:\/\/4room.lv\/ru\/wp-json\/wp\/v2\/product_cat?post=154500"},{"taxonomy":"product_tag","embeddable":true,"href":"https:\/\/4room.lv\/ru\/wp-json\/wp\/v2\/product_tag?post=154500"}],"curies":[{"name":"wp","href":"https:\/\/api.w.org\/{rel}","templated":true}]}}