{"id":154513,"date":"2025-02-28T10:43:40","date_gmt":"2025-02-28T08:43:40","guid":{"rendered":"https:\/\/4room.lv\/?post_type=product&#038;p=154513"},"modified":"2025-02-28T10:43:40","modified_gmt":"2025-02-28T08:43:40","slug":"antique-white-12xe14","status":"publish","type":"product","link":"https:\/\/4room.lv\/ru\/veikals\/apgaismojums\/dekorativais\/antique-white-12xe14\/","title":{"rendered":"Antique white 12xE14"},"content":{"rendered":"","protected":false},"excerpt":{"rendered":"<p>Lustra Antique ir iespaid\u012bga izm\u0113r\u0101 un klasiska dizain\u0101. T\u0101 lieliski izskat\u012bsies k\u0101 lauku maj\u0101, t\u0101 m\u016bsdien\u012bg\u0101 dz\u012bvokl\u012b.<\/p>\n<p>Lustrai ir 12 zari ar E14 spuldz\u0113m, nodro\u0161inot iesp\u0113ju pan\u0101kt \u013coti labu izgaismojumu.<\/p>\n<p>Lustra pieejama da\u017e\u0101dos izm\u0113ros un to\u0146os. Ja v\u0113laties uzzin\u0101t visas iesp\u0113jas, dro\u0161i sazinieties ar mums!<\/p>\n<p>&nbsp;<\/p>\n","protected":false},"featured_media":154514,"template":"","meta":[],"product_cat":[127,147],"product_tag":[],"class_list":{"0":"post-154513","1":"product","2":"type-product","3":"status-publish","4":"has-post-thumbnail","6":"product_brand-4room","7":"product_cat-apgaismojums","8":"product_cat-dekorativais","10":"first","11":"instock","12":"shipping-taxable","13":"purchasable","14":"product-type-simple","15":"hongo-alternate-image-wrap"},"_links":{"self":[{"href":"https:\/\/4room.lv\/ru\/wp-json\/wp\/v2\/product\/154513","targetHints":{"allow":["GET"]}}],"collection":[{"href":"https:\/\/4room.lv\/ru\/wp-json\/wp\/v2\/product"}],"about":[{"href":"https:\/\/4room.lv\/ru\/wp-json\/wp\/v2\/types\/product"}],"wp:featuredmedia":[{"embeddable":true,"href":"https:\/\/4room.lv\/ru\/wp-json\/wp\/v2\/media\/154514"}],"wp:attachment":[{"href":"https:\/\/4room.lv\/ru\/wp-json\/wp\/v2\/media?parent=154513"}],"wp:term":[{"taxonomy":"product_cat","embeddable":true,"href":"https:\/\/4room.lv\/ru\/wp-json\/wp\/v2\/product_cat?post=154513"},{"taxonomy":"product_tag","embeddable":true,"href":"https:\/\/4room.lv\/ru\/wp-json\/wp\/v2\/product_tag?post=154513"}],"curies":[{"name":"wp","href":"https:\/\/api.w.org\/{rel}","templated":true}]}}