{"id":154585,"date":"2025-03-06T10:09:26","date_gmt":"2025-03-06T08:09:26","guid":{"rendered":"https:\/\/4room.lv\/?post_type=product&#038;p=154585"},"modified":"2025-12-28T19:19:00","modified_gmt":"2025-12-28T17:19:00","slug":"drawer-caroun-wide","status":"publish","type":"product","link":"https:\/\/4room.lv\/ru\/veikals\/mebeles\/plaukti-un-skapji\/drawer-caroun-wide\/","title":{"rendered":"Drawer Caroun Wide"},"content":{"rendered":"","protected":false},"excerpt":{"rendered":"<p>Interesanta dizaina kumode ar 4 atvilkn\u0113m. Atvilknes ir ar ton\u0113tu stiklu, kas rada skaistu efektu. Korpuss ir no bambusa, ton\u0113ts br\u016bn\u0101 kr\u0101s\u0101.<\/p>\n","protected":false},"featured_media":154589,"template":"","meta":[],"product_cat":[129,143],"product_tag":[],"class_list":{"0":"post-154585","1":"product","2":"type-product","3":"status-publish","4":"has-post-thumbnail","6":"product_brand-dutch-bone","7":"product_brand-white-label-living","8":"product_brand-zuiver","9":"product_cat-mebeles","10":"product_cat-plaukti-un-skapji","12":"first","13":"instock","14":"shipping-taxable","15":"purchasable","16":"product-type-simple","17":"hongo-alternate-image-wrap"},"_links":{"self":[{"href":"https:\/\/4room.lv\/ru\/wp-json\/wp\/v2\/product\/154585","targetHints":{"allow":["GET"]}}],"collection":[{"href":"https:\/\/4room.lv\/ru\/wp-json\/wp\/v2\/product"}],"about":[{"href":"https:\/\/4room.lv\/ru\/wp-json\/wp\/v2\/types\/product"}],"wp:featuredmedia":[{"embeddable":true,"href":"https:\/\/4room.lv\/ru\/wp-json\/wp\/v2\/media\/154589"}],"wp:attachment":[{"href":"https:\/\/4room.lv\/ru\/wp-json\/wp\/v2\/media?parent=154585"}],"wp:term":[{"taxonomy":"product_cat","embeddable":true,"href":"https:\/\/4room.lv\/ru\/wp-json\/wp\/v2\/product_cat?post=154585"},{"taxonomy":"product_tag","embeddable":true,"href":"https:\/\/4room.lv\/ru\/wp-json\/wp\/v2\/product_tag?post=154585"}],"curies":[{"name":"wp","href":"https:\/\/api.w.org\/{rel}","templated":true}]}}