{"id":154868,"date":"2025-03-20T18:02:35","date_gmt":"2025-03-20T16:02:35","guid":{"rendered":"https:\/\/4room.lv\/?post_type=product&#038;p=154868"},"modified":"2025-03-20T18:02:35","modified_gmt":"2025-03-20T16:02:35","slug":"beat-table-lamp","status":"publish","type":"product","link":"https:\/\/4room.lv\/ru\/veikals\/apgaismojums\/dekorativais\/beat-table-lamp\/","title":{"rendered":"Beat table lamp"},"content":{"rendered":"","protected":false},"excerpt":{"rendered":"<p>Ikonisk\u0101s pasaul\u0113 slaven\u0101s Beat s\u0113rijas galda gaismeklis no Tom Dixon ir izcils dizaina priek\u0161mets ar funkciju un st\u0101stu. Beat ir galda gaismeklis ar slaidu, \u0161arn\u012brveida roku, ko var regul\u0113t, lai virz\u012btu gaismas staru. Izgatavots no ar rok\u0101m v\u0113rpta misi\u0146a, ko veidoju\u0161i amatnieki Zieme\u013cindij\u0101, \u0161\u012bs Beat gaismas rad\u012b\u0161ana ir da\u013ca no sena procesa, kura pabeig\u0161anai nepiecie\u0161amas \u010detras dienas. \u0160im modernajam galda gaismeklim ir mat\u0113ts melns p\u0101rkl\u0101jums, kas kontrast\u0113 ar silto, zeltaino gaismek\u013ca iek\u0161pusi, pret kuru atstarojas spuldzes gaisma, radot zeltaini maigu un skaistu gaismu.<\/p>\n<p>gaismek\u013ca p\u0113da ir no dzelzs un gaismek\u013ca svars ir 3.7kg, l\u012bdz ar to ir patie\u0161am stabils un iztur\u012bgs.<\/p>\n","protected":false},"featured_media":154878,"template":"","meta":[],"product_cat":[1058,127,147],"product_tag":[],"class_list":{"0":"post-154868","1":"product","2":"type-product","3":"status-publish","4":"has-post-thumbnail","6":"product_cat-dizaina","7":"product_cat-apgaismojums","8":"product_cat-dekorativais","10":"first","11":"instock","12":"shipping-taxable","13":"purchasable","14":"product-type-simple","15":"hongo-alternate-image-wrap"},"_links":{"self":[{"href":"https:\/\/4room.lv\/ru\/wp-json\/wp\/v2\/product\/154868","targetHints":{"allow":["GET"]}}],"collection":[{"href":"https:\/\/4room.lv\/ru\/wp-json\/wp\/v2\/product"}],"about":[{"href":"https:\/\/4room.lv\/ru\/wp-json\/wp\/v2\/types\/product"}],"wp:featuredmedia":[{"embeddable":true,"href":"https:\/\/4room.lv\/ru\/wp-json\/wp\/v2\/media\/154878"}],"wp:attachment":[{"href":"https:\/\/4room.lv\/ru\/wp-json\/wp\/v2\/media?parent=154868"}],"wp:term":[{"taxonomy":"product_cat","embeddable":true,"href":"https:\/\/4room.lv\/ru\/wp-json\/wp\/v2\/product_cat?post=154868"},{"taxonomy":"product_tag","embeddable":true,"href":"https:\/\/4room.lv\/ru\/wp-json\/wp\/v2\/product_tag?post=154868"}],"curies":[{"name":"wp","href":"https:\/\/api.w.org\/{rel}","templated":true}]}}