{"id":154900,"date":"2025-03-21T10:05:41","date_gmt":"2025-03-21T08:05:41","guid":{"rendered":"https:\/\/4room.lv\/?post_type=product&#038;p=154900"},"modified":"2025-12-28T19:19:00","modified_gmt":"2025-12-28T17:19:00","slug":"ara-kresls-chair-serra-red","status":"publish","type":"product","link":"https:\/\/4room.lv\/ru\/veikals\/mebeles\/kresli\/ara-kresls-chair-serra-red\/","title":{"rendered":"\u0100ra kr\u0113sls Chair Serra Red"},"content":{"rendered":"","protected":false},"excerpt":{"rendered":"<p>\u0112damkr\u0113sls kas piem\u0113rots ar\u012b lieto\u0161anai \u0101ra. No notur\u012bgas plastmasas efekt\u012bgi sarkan\u0101 ton\u012b. N\u0101k iepakojumos pa 4. Cena nor\u0101d\u012bta par gabalu.<\/p>\n<p>Pieejams ar\u012b citos to\u0146os.<\/p>\n","protected":false},"featured_media":154907,"template":"","meta":[],"product_cat":[129,144],"product_tag":[],"class_list":{"0":"post-154900","1":"product","2":"type-product","3":"status-publish","4":"has-post-thumbnail","6":"product_brand-dutch-bone","7":"product_brand-white-label-living","8":"product_brand-zuiver","9":"product_cat-mebeles","10":"product_cat-kresli","12":"first","13":"instock","14":"shipping-taxable","15":"purchasable","16":"product-type-simple"},"_links":{"self":[{"href":"https:\/\/4room.lv\/ru\/wp-json\/wp\/v2\/product\/154900","targetHints":{"allow":["GET"]}}],"collection":[{"href":"https:\/\/4room.lv\/ru\/wp-json\/wp\/v2\/product"}],"about":[{"href":"https:\/\/4room.lv\/ru\/wp-json\/wp\/v2\/types\/product"}],"wp:featuredmedia":[{"embeddable":true,"href":"https:\/\/4room.lv\/ru\/wp-json\/wp\/v2\/media\/154907"}],"wp:attachment":[{"href":"https:\/\/4room.lv\/ru\/wp-json\/wp\/v2\/media?parent=154900"}],"wp:term":[{"taxonomy":"product_cat","embeddable":true,"href":"https:\/\/4room.lv\/ru\/wp-json\/wp\/v2\/product_cat?post=154900"},{"taxonomy":"product_tag","embeddable":true,"href":"https:\/\/4room.lv\/ru\/wp-json\/wp\/v2\/product_tag?post=154900"}],"curies":[{"name":"wp","href":"https:\/\/api.w.org\/{rel}","templated":true}]}}