{"id":154920,"date":"2025-03-21T10:42:54","date_gmt":"2025-03-21T08:42:54","guid":{"rendered":"https:\/\/4room.lv\/?post_type=product&#038;p=154920"},"modified":"2026-03-13T11:02:49","modified_gmt":"2026-03-13T09:02:49","slug":"fold-15-wall-light-corten","status":"publish","type":"product","link":"https:\/\/4room.lv\/ru\/veikals\/apgaismojums\/dekorativais\/fold-15-wall-light-corten\/","title":{"rendered":"Fold 15 Wall light Corten"},"content":{"rendered":"","protected":false},"excerpt":{"rendered":"<p>Elegantais Fold modelis ar unikalu r\u016bsas apdari b\u016bs lielisks fas\u0101des gaismeklis tiem, kas v\u0113las dizainiski pievilc\u012bgu fas\u0101des gaismekli. Augstv\u0113rt\u012bgi materi\u0101li nodro\u0161ina to, ka gaismeklis b\u016bs kvalitat\u012bvs un ra\u017eot\u0101js par to ir p\u0101rliecin\u0101ts, pied\u0101vajot 15 gadu garantiju korpusa materi\u0101lam. Konkr\u0113tais modleis ir ar\u012b piem\u0113rots lieto\u0161anai piej\u016bras regionos, kur met\u0101ls m\u0113dz nolieties \u0101tr\u0101k\u00a0 dabas ietekmes rezult\u0101t\u0101.<\/p>\n<p>Gaismeklim ar\u012b ir interesants risinajums, k\u0101 tas izstaro gaismu. Komplekt\u0101cij\u0101 ir met\u0101la deta\u013cas, kuras mainot variet ieg\u016bt da\u017e\u0101du starojumu no plata le\u0146\u0137a l\u012bdz vair\u0101kiem \u0161auriem stariem.. L\u012bdz ar to variet piel\u0101got izgaismojumu sav\u0101m v\u0113lm\u0113m.<\/p>\n<p>T\u0101 k\u0101 materi\u0101ls ir dab\u012bgs met\u0101ls bez p\u0101rklajuma, tad ar laiku t\u0101 tonis un raksts var nedaudz main\u012bties.<\/p>\n<p>Pieejams daz\u0101d\u0101s apdar\u0113s, par iesp\u0113j\u0101m jautajiet mums.<\/p>\n","protected":false},"featured_media":154921,"template":"","meta":[],"product_cat":[127,150,147],"product_tag":[],"class_list":{"0":"post-154920","1":"product","2":"type-product","3":"status-publish","4":"has-post-thumbnail","6":"product_brand-nordlux","7":"product_cat-apgaismojums","8":"product_cat-ara","9":"product_cat-dekorativais","11":"first","12":"instock","13":"shipping-taxable","14":"purchasable","15":"product-type-simple","16":"hongo-alternate-image-wrap"},"_links":{"self":[{"href":"https:\/\/4room.lv\/ru\/wp-json\/wp\/v2\/product\/154920","targetHints":{"allow":["GET"]}}],"collection":[{"href":"https:\/\/4room.lv\/ru\/wp-json\/wp\/v2\/product"}],"about":[{"href":"https:\/\/4room.lv\/ru\/wp-json\/wp\/v2\/types\/product"}],"wp:featuredmedia":[{"embeddable":true,"href":"https:\/\/4room.lv\/ru\/wp-json\/wp\/v2\/media\/154921"}],"wp:attachment":[{"href":"https:\/\/4room.lv\/ru\/wp-json\/wp\/v2\/media?parent=154920"}],"wp:term":[{"taxonomy":"product_cat","embeddable":true,"href":"https:\/\/4room.lv\/ru\/wp-json\/wp\/v2\/product_cat?post=154920"},{"taxonomy":"product_tag","embeddable":true,"href":"https:\/\/4room.lv\/ru\/wp-json\/wp\/v2\/product_tag?post=154920"}],"curies":[{"name":"wp","href":"https:\/\/api.w.org\/{rel}","templated":true}]}}