{"id":154942,"date":"2025-03-21T11:29:19","date_gmt":"2025-03-21T09:29:19","guid":{"rendered":"https:\/\/4room.lv\/?post_type=product&#038;p=154942"},"modified":"2025-03-21T11:29:44","modified_gmt":"2025-03-21T09:29:44","slug":"athesa-pendant","status":"publish","type":"product","link":"https:\/\/4room.lv\/ru\/veikals\/apgaismojums\/dekorativais\/athesa-pendant\/","title":{"rendered":"ATHESA pendant"},"content":{"rendered":"","protected":false},"excerpt":{"rendered":"<p>M\u016bsdien\u012bg\u0101 klasika &#8212; Led gaismeklis no krist\u0101la. Tas b\u016bs elegnats akcents m\u016bsdien\u012bg\u0101 interjer\u0101 vai moderns akcents klasisk\u0101 interjer\u0101. Stikla krist\u0101li efekt\u012bgi zaigo kas tas iesl\u0113gts, bet izskat\u0101s \u013coti dekorat\u012bvi ar\u012b zisl\u0113gta veid\u0101.<\/p>\n<p>Gaismeklis ir regul\u0113jams ar pulti. Variet izv\u0113l\u0113ties v\u0113lamo gaismas temperat\u016bru, regul\u0113t spo\u017eumu, k\u0101 ar\u012b iesl\u0113gt un izsl\u0113gt gaismekli, padarot to par patie\u0161\u0101m \u0113rtu risin\u0101jumu jebk\u0101dai telpai.<\/p>\n","protected":false},"featured_media":154949,"template":"","meta":[],"product_cat":[127,147],"product_tag":[],"class_list":{"0":"post-154942","1":"product","2":"type-product","3":"status-publish","4":"has-post-thumbnail","6":"product_brand-zuma","7":"product_cat-apgaismojums","8":"product_cat-dekorativais","10":"first","11":"instock","12":"shipping-taxable","13":"purchasable","14":"product-type-simple","15":"hongo-alternate-image-wrap"},"_links":{"self":[{"href":"https:\/\/4room.lv\/ru\/wp-json\/wp\/v2\/product\/154942","targetHints":{"allow":["GET"]}}],"collection":[{"href":"https:\/\/4room.lv\/ru\/wp-json\/wp\/v2\/product"}],"about":[{"href":"https:\/\/4room.lv\/ru\/wp-json\/wp\/v2\/types\/product"}],"wp:featuredmedia":[{"embeddable":true,"href":"https:\/\/4room.lv\/ru\/wp-json\/wp\/v2\/media\/154949"}],"wp:attachment":[{"href":"https:\/\/4room.lv\/ru\/wp-json\/wp\/v2\/media?parent=154942"}],"wp:term":[{"taxonomy":"product_cat","embeddable":true,"href":"https:\/\/4room.lv\/ru\/wp-json\/wp\/v2\/product_cat?post=154942"},{"taxonomy":"product_tag","embeddable":true,"href":"https:\/\/4room.lv\/ru\/wp-json\/wp\/v2\/product_tag?post=154942"}],"curies":[{"name":"wp","href":"https:\/\/api.w.org\/{rel}","templated":true}]}}