{"id":154962,"date":"2025-03-21T14:20:35","date_gmt":"2025-03-21T12:20:35","guid":{"rendered":"https:\/\/4room.lv\/?post_type=product&#038;p=154962"},"modified":"2026-03-13T11:00:32","modified_gmt":"2026-03-13T09:00:32","slug":"ellen-to-go-battery-light-beige","status":"publish","type":"product","link":"https:\/\/4room.lv\/ru\/veikals\/apgaismojums\/dekorativais\/ellen-to-go-battery-light-beige\/","title":{"rendered":"Ellen To-Go Battery light Beige"},"content":{"rendered":"","protected":false},"excerpt":{"rendered":"<p>L\u0101d\u0113jams galda gaismeklis. Kompakts un simp\u0101tisks, aktualos to\u0146os. Tas noder\u0113s gan k\u0101 naktslampi\u0146a, gan \u0101ra gaismeklis piknikam.<\/p>\n<p>Gaismeklim ir pie rozetes piesl\u0113dzama b\u0101ze, uz kuras novietojot gaismekli tas l\u0101d\u0113j\u0101s. Kad gaismeklis uzl\u0101d\u0113ts, to variet \u0146emt l\u012bdzi visur kur velaties un darb\u012bbas laiks ir uz 300lm &#8212; 4h; 200lm &#8212; 6h; 100lm &#8212; 12h<\/p>\n","protected":false},"featured_media":154978,"template":"","meta":[],"product_cat":[127,150,147],"product_tag":[],"class_list":{"0":"post-154962","1":"product","2":"type-product","3":"status-publish","4":"has-post-thumbnail","6":"product_brand-nordlux","7":"product_cat-apgaismojums","8":"product_cat-ara","9":"product_cat-dekorativais","11":"first","12":"instock","13":"shipping-taxable","14":"purchasable","15":"product-type-simple","16":"hongo-alternate-image-wrap"},"_links":{"self":[{"href":"https:\/\/4room.lv\/ru\/wp-json\/wp\/v2\/product\/154962","targetHints":{"allow":["GET"]}}],"collection":[{"href":"https:\/\/4room.lv\/ru\/wp-json\/wp\/v2\/product"}],"about":[{"href":"https:\/\/4room.lv\/ru\/wp-json\/wp\/v2\/types\/product"}],"wp:featuredmedia":[{"embeddable":true,"href":"https:\/\/4room.lv\/ru\/wp-json\/wp\/v2\/media\/154978"}],"wp:attachment":[{"href":"https:\/\/4room.lv\/ru\/wp-json\/wp\/v2\/media?parent=154962"}],"wp:term":[{"taxonomy":"product_cat","embeddable":true,"href":"https:\/\/4room.lv\/ru\/wp-json\/wp\/v2\/product_cat?post=154962"},{"taxonomy":"product_tag","embeddable":true,"href":"https:\/\/4room.lv\/ru\/wp-json\/wp\/v2\/product_tag?post=154962"}],"curies":[{"name":"wp","href":"https:\/\/api.w.org\/{rel}","templated":true}]}}