{"id":155016,"date":"2025-03-26T11:57:21","date_gmt":"2025-03-26T09:57:21","guid":{"rendered":"https:\/\/4room.lv\/?post_type=product&#038;p=155016"},"modified":"2025-03-26T11:57:21","modified_gmt":"2025-03-26T09:57:21","slug":"spogulis-led-luna-100","status":"publish","type":"product","link":"https:\/\/4room.lv\/ru\/veikals\/interjeram\/spoguli\/spogulis-led-luna-100\/","title":{"rendered":"Spogulis LED Luna 100"},"content":{"rendered":"","protected":false},"excerpt":{"rendered":"<p>Efekt\u012bgs spogulis 100cm diametr\u0101 ar jaud\u012bgu Led apgaismojumu pa perimetru, kas rad\u012bs skaistu noska\u0146as izgaismojumu pret sienu. Spogulim ir sl\u0113dzis ar kuru iesp\u0113ja p\u0101rsl\u0113gt spektru 3000K vai 4000K piel\u0101gojot to p\u0101r\u0113jiem gaismek\u013ciem telpa.<\/p>\n<p>Spogulim ir mitrumnotur\u012bba, lai to var izmantot ar\u012b vannasistab\u0101.<\/p>\n","protected":false},"featured_media":155017,"template":"","meta":[],"product_cat":[127,147,130,134],"product_tag":[],"class_list":{"0":"post-155016","1":"product","2":"type-product","3":"status-publish","4":"has-post-thumbnail","6":"product_cat-apgaismojums","7":"product_cat-dekorativais","8":"product_cat-interjeram","9":"product_cat-spoguli","11":"first","12":"instock","13":"shipping-taxable","14":"purchasable","15":"product-type-simple"},"_links":{"self":[{"href":"https:\/\/4room.lv\/ru\/wp-json\/wp\/v2\/product\/155016","targetHints":{"allow":["GET"]}}],"collection":[{"href":"https:\/\/4room.lv\/ru\/wp-json\/wp\/v2\/product"}],"about":[{"href":"https:\/\/4room.lv\/ru\/wp-json\/wp\/v2\/types\/product"}],"wp:featuredmedia":[{"embeddable":true,"href":"https:\/\/4room.lv\/ru\/wp-json\/wp\/v2\/media\/155017"}],"wp:attachment":[{"href":"https:\/\/4room.lv\/ru\/wp-json\/wp\/v2\/media?parent=155016"}],"wp:term":[{"taxonomy":"product_cat","embeddable":true,"href":"https:\/\/4room.lv\/ru\/wp-json\/wp\/v2\/product_cat?post=155016"},{"taxonomy":"product_tag","embeddable":true,"href":"https:\/\/4room.lv\/ru\/wp-json\/wp\/v2\/product_tag?post=155016"}],"curies":[{"name":"wp","href":"https:\/\/api.w.org\/{rel}","templated":true}]}}