{"id":155030,"date":"2025-03-26T15:32:31","date_gmt":"2025-03-26T13:32:31","guid":{"rendered":"https:\/\/4room.lv\/?post_type=product&#038;p=155030"},"modified":"2025-03-26T15:32:31","modified_gmt":"2025-03-26T13:32:31","slug":"cct-variable-12w-led","status":"publish","type":"product","link":"https:\/\/4room.lv\/ru\/veikals\/apgaismojums\/arhitekturalais\/cct-variable-12w-led\/","title":{"rendered":"CCT Variable 12W LED"},"content":{"rendered":"","protected":false},"excerpt":{"rendered":"<p>Jaud\u012bgs virsapmetuma Led gaismeklis, ar iesp\u0113ju uzvel\u0113ties gaismas speltru pie uzst\u0101d\u012b\u0161anas, pateicoties sl\u0113dzim kas ir gaismekl\u012b. Gaismklis ir mitrumnotur\u012bgs. Tam ir mikroprizm\u0101tisks difuzors, kas nodro\u0161ina komfortu pret ap\u017eilbina\u0161anu. L\u012bdz ar to pat ja gaismeklis ir jaud\u012bgs, tas nerad\u012bs diskomfortu ac\u012bm.<\/p>\n","protected":false},"featured_media":155034,"template":"","meta":[],"product_cat":[127,148,149],"product_tag":[],"class_list":{"0":"post-155030","1":"product","2":"type-product","3":"status-publish","4":"has-post-thumbnail","6":"product_brand-onelight","7":"product_cat-apgaismojums","8":"product_cat-arhitekturalais","9":"product_cat-industrialais","11":"first","12":"instock","13":"shipping-taxable","14":"purchasable","15":"product-type-simple"},"_links":{"self":[{"href":"https:\/\/4room.lv\/ru\/wp-json\/wp\/v2\/product\/155030","targetHints":{"allow":["GET"]}}],"collection":[{"href":"https:\/\/4room.lv\/ru\/wp-json\/wp\/v2\/product"}],"about":[{"href":"https:\/\/4room.lv\/ru\/wp-json\/wp\/v2\/types\/product"}],"wp:featuredmedia":[{"embeddable":true,"href":"https:\/\/4room.lv\/ru\/wp-json\/wp\/v2\/media\/155034"}],"wp:attachment":[{"href":"https:\/\/4room.lv\/ru\/wp-json\/wp\/v2\/media?parent=155030"}],"wp:term":[{"taxonomy":"product_cat","embeddable":true,"href":"https:\/\/4room.lv\/ru\/wp-json\/wp\/v2\/product_cat?post=155030"},{"taxonomy":"product_tag","embeddable":true,"href":"https:\/\/4room.lv\/ru\/wp-json\/wp\/v2\/product_tag?post=155030"}],"curies":[{"name":"wp","href":"https:\/\/api.w.org\/{rel}","templated":true}]}}