{"id":155040,"date":"2025-03-26T16:38:21","date_gmt":"2025-03-26T14:38:21","guid":{"rendered":"https:\/\/4room.lv\/?post_type=product&#038;p=155040"},"modified":"2025-12-28T19:19:00","modified_gmt":"2025-12-28T17:19:00","slug":"sofa-shelly-off-white-right-chaise-longue","status":"publish","type":"product","link":"https:\/\/4room.lv\/ru\/veikals\/mebeles\/divani\/sofa-shelly-off-white-right-chaise-longue\/","title":{"rendered":"Sofa Shelly Off-White Right Chaise Longue"},"content":{"rendered":"","protected":false},"excerpt":{"rendered":"<p>Stil\u012bgs auduma st\u016bra d\u012bvans no jaun\u0101s Dutchbone kolekcijas. Minim\u0101lsistiskas formas, bez nek\u0101 lieka, ar m\u016bsdien\u012bg\u0101m melna met\u0101la k\u0101j\u0101m. D\u012bvanam liels pluss ir parvietojamie balsti, lai to piel\u0101gotu sav\u0101m \u0113rt\u012bbam.\u00a0 Konkr\u0113t\u0101 auduma tonis ir net\u012bri balt\u0101 ton\u012b, kas pies\u0101v\u0113s var teikt visam.<\/p>\n<p>Ja nepeicie\u0161ams d\u012bvana st\u016bris uz otru pusi vai br\u016bn\u0101 kr\u0101s\u0101, tad dro\u0161i sazinieties ar mums.<\/p>\n<p>St\u016bris skatoties UZ d\u012bvanu ir t\u0101 labaj\u0101 pus\u0113, k\u0101 att\u0113lots pievienotajos produkta foto.<\/p>\n","protected":false},"featured_media":155041,"template":"","meta":[],"product_cat":[129,145],"product_tag":[],"class_list":{"0":"post-155040","1":"product","2":"type-product","3":"status-publish","4":"has-post-thumbnail","6":"product_brand-dutch-bone","7":"product_brand-white-label-living","8":"product_brand-zuiver","9":"product_cat-mebeles","10":"product_cat-divani","12":"first","13":"instock","14":"shipping-taxable","15":"purchasable","16":"product-type-simple","17":"hongo-alternate-image-wrap"},"_links":{"self":[{"href":"https:\/\/4room.lv\/ru\/wp-json\/wp\/v2\/product\/155040","targetHints":{"allow":["GET"]}}],"collection":[{"href":"https:\/\/4room.lv\/ru\/wp-json\/wp\/v2\/product"}],"about":[{"href":"https:\/\/4room.lv\/ru\/wp-json\/wp\/v2\/types\/product"}],"wp:featuredmedia":[{"embeddable":true,"href":"https:\/\/4room.lv\/ru\/wp-json\/wp\/v2\/media\/155041"}],"wp:attachment":[{"href":"https:\/\/4room.lv\/ru\/wp-json\/wp\/v2\/media?parent=155040"}],"wp:term":[{"taxonomy":"product_cat","embeddable":true,"href":"https:\/\/4room.lv\/ru\/wp-json\/wp\/v2\/product_cat?post=155040"},{"taxonomy":"product_tag","embeddable":true,"href":"https:\/\/4room.lv\/ru\/wp-json\/wp\/v2\/product_tag?post=155040"}],"curies":[{"name":"wp","href":"https:\/\/api.w.org\/{rel}","templated":true}]}}