{"id":155065,"date":"2025-03-26T16:50:30","date_gmt":"2025-03-26T14:50:30","guid":{"rendered":"https:\/\/4room.lv\/?post_type=product&#038;p=155065"},"modified":"2025-12-28T19:19:00","modified_gmt":"2025-12-28T17:19:00","slug":"pufs-marcos-green","status":"publish","type":"product","link":"https:\/\/4room.lv\/ru\/veikals\/mebeles\/pufs-marcos-green\/","title":{"rendered":"Pufs Marcos green"},"content":{"rendered":"","protected":false},"excerpt":{"rendered":"<p>Nelielais pufs dz\u012bv\u012bga za\u013c\u0101 ton\u012b un \u0161obr\u012bd aktu\u0101l\u0101 dizain\u0101 ienes\u012bs svaigu elpu j\u016bsu interjer\u0101. Pieejams ar\u012b citos to\u0146os.<\/p>\n","protected":false},"featured_media":155069,"template":"","meta":[],"product_cat":[130,129],"product_tag":[],"class_list":{"0":"post-155065","1":"product","2":"type-product","3":"status-publish","4":"has-post-thumbnail","6":"product_brand-dutch-bone","7":"product_brand-white-label-living","8":"product_brand-zuiver","9":"product_cat-interjeram","10":"product_cat-mebeles","12":"first","13":"instock","14":"shipping-taxable","15":"purchasable","16":"product-type-simple","17":"hongo-alternate-image-wrap"},"_links":{"self":[{"href":"https:\/\/4room.lv\/ru\/wp-json\/wp\/v2\/product\/155065","targetHints":{"allow":["GET"]}}],"collection":[{"href":"https:\/\/4room.lv\/ru\/wp-json\/wp\/v2\/product"}],"about":[{"href":"https:\/\/4room.lv\/ru\/wp-json\/wp\/v2\/types\/product"}],"wp:featuredmedia":[{"embeddable":true,"href":"https:\/\/4room.lv\/ru\/wp-json\/wp\/v2\/media\/155069"}],"wp:attachment":[{"href":"https:\/\/4room.lv\/ru\/wp-json\/wp\/v2\/media?parent=155065"}],"wp:term":[{"taxonomy":"product_cat","embeddable":true,"href":"https:\/\/4room.lv\/ru\/wp-json\/wp\/v2\/product_cat?post=155065"},{"taxonomy":"product_tag","embeddable":true,"href":"https:\/\/4room.lv\/ru\/wp-json\/wp\/v2\/product_tag?post=155065"}],"curies":[{"name":"wp","href":"https:\/\/api.w.org\/{rel}","templated":true}]}}