{"id":155075,"date":"2025-03-26T17:26:46","date_gmt":"2025-03-26T15:26:46","guid":{"rendered":"https:\/\/4room.lv\/?post_type=product&#038;p=155075"},"modified":"2025-06-13T16:56:48","modified_gmt":"2025-06-13T13:56:48","slug":"garda-5-ring-white","status":"publish","type":"product","link":"https:\/\/4room.lv\/ru\/veikals\/apgaismojums\/dekorativais\/garda-5-ring-white\/","title":{"rendered":"GARDA 5 RING WHITE"},"content":{"rendered":"","protected":false},"excerpt":{"rendered":"<p>M\u016bsdien\u012bgs gaismeklis Vienm\u0113r\u012bgai telpas izgaismo\u0161anai. Metala ri\u0146\u0137is tros\u0113s balta ton\u012b, ar 5 balta stikla kupoliem, kam katra ir spuldze. L\u012bdz ar to var\u0113siet ievietot v\u0113lam\u0101s jaudas un spektra spuldzes pa\u0161i.<\/p>\n","protected":false},"featured_media":155076,"template":"","meta":[],"product_cat":[127,147],"product_tag":[],"class_list":{"0":"post-155075","1":"product","2":"type-product","3":"status-publish","4":"has-post-thumbnail","6":"product_brand-aldex","7":"product_cat-apgaismojums","8":"product_cat-dekorativais","10":"first","11":"instock","12":"sale","13":"shipping-taxable","14":"purchasable","15":"product-type-simple","16":"hongo-alternate-image-wrap"},"_links":{"self":[{"href":"https:\/\/4room.lv\/ru\/wp-json\/wp\/v2\/product\/155075","targetHints":{"allow":["GET"]}}],"collection":[{"href":"https:\/\/4room.lv\/ru\/wp-json\/wp\/v2\/product"}],"about":[{"href":"https:\/\/4room.lv\/ru\/wp-json\/wp\/v2\/types\/product"}],"wp:featuredmedia":[{"embeddable":true,"href":"https:\/\/4room.lv\/ru\/wp-json\/wp\/v2\/media\/155076"}],"wp:attachment":[{"href":"https:\/\/4room.lv\/ru\/wp-json\/wp\/v2\/media?parent=155075"}],"wp:term":[{"taxonomy":"product_cat","embeddable":true,"href":"https:\/\/4room.lv\/ru\/wp-json\/wp\/v2\/product_cat?post=155075"},{"taxonomy":"product_tag","embeddable":true,"href":"https:\/\/4room.lv\/ru\/wp-json\/wp\/v2\/product_tag?post=155075"}],"curies":[{"name":"wp","href":"https:\/\/api.w.org\/{rel}","templated":true}]}}