{"id":155120,"date":"2025-03-26T18:03:14","date_gmt":"2025-03-26T16:03:14","guid":{"rendered":"https:\/\/4room.lv\/?post_type=product&#038;p=155120"},"modified":"2026-03-13T11:00:32","modified_gmt":"2026-03-13T09:00:32","slug":"the-monkey-lamp-black-ceiling-version-black","status":"publish","type":"product","link":"https:\/\/4room.lv\/ru\/veikals\/apgaismojums\/dekorativais\/the-monkey-lamp-black-ceiling-version-black\/","title":{"rendered":"The Monkey Lamp Black Ceiling Version black"},"content":{"rendered":"","protected":false},"excerpt":{"rendered":"<p>Ikoniskais Seletti m\u0113rka\u0137\u0113ns, ko rad\u012bjis pasaul\u0113 slavu guvu\u0161ais m\u0101kslinieks Marcantonio, pieejams ar\u012b pie mums. Konkr\u0113tais m\u0113rka\u0137\u0113ns kar\u0101j\u0101s stri\u0137\u012b no griestiem, elektr\u012bba pievad\u0101s uz suldzi, n\u0101k l\u012bdzi kontakts rozetei EU\/UK. Spuldze ko tas tur rok\u0101s ir kompekt\u0101cij\u0101.<\/p>\n<p>Konkr\u0113tais modelis ir lietojams ar\u012b mitr\u0101s telp\u0101s un \u0101r\u0101. L\u012bdz ar to variet \u0161o draugu iek\u0101rt pie vannasistabas spugu\u013ca, k\u0101 ar\u012b \u013caut tam dz\u012bvot uz j\u016bsu balkona vai terases.<\/p>\n<p>S\u0113rij\u0101 ir vair\u0101ki daz\u0101di m\u0113rka\u0137\u0113ni, s\u0113do\u0161i, balti uc. Dro\u0161i vaic\u0101jiet mums par dazadaj\u0101m versij\u0101m un pal\u012bdz\u0113sim.<\/p>\n","protected":false},"featured_media":155133,"template":"","meta":[],"product_cat":[1058,127,150,147],"product_tag":[],"class_list":{"0":"post-155120","1":"product","2":"type-product","3":"status-publish","4":"has-post-thumbnail","6":"product_brand-saletti","7":"product_cat-dizaina","8":"product_cat-apgaismojums","9":"product_cat-ara","10":"product_cat-dekorativais","12":"first","13":"instock","14":"shipping-taxable","15":"purchasable","16":"product-type-simple","17":"hongo-alternate-image-wrap"},"_links":{"self":[{"href":"https:\/\/4room.lv\/ru\/wp-json\/wp\/v2\/product\/155120","targetHints":{"allow":["GET"]}}],"collection":[{"href":"https:\/\/4room.lv\/ru\/wp-json\/wp\/v2\/product"}],"about":[{"href":"https:\/\/4room.lv\/ru\/wp-json\/wp\/v2\/types\/product"}],"wp:featuredmedia":[{"embeddable":true,"href":"https:\/\/4room.lv\/ru\/wp-json\/wp\/v2\/media\/155133"}],"wp:attachment":[{"href":"https:\/\/4room.lv\/ru\/wp-json\/wp\/v2\/media?parent=155120"}],"wp:term":[{"taxonomy":"product_cat","embeddable":true,"href":"https:\/\/4room.lv\/ru\/wp-json\/wp\/v2\/product_cat?post=155120"},{"taxonomy":"product_tag","embeddable":true,"href":"https:\/\/4room.lv\/ru\/wp-json\/wp\/v2\/product_tag?post=155120"}],"curies":[{"name":"wp","href":"https:\/\/api.w.org\/{rel}","templated":true}]}}