{"id":155261,"date":"2025-03-28T15:37:02","date_gmt":"2025-03-28T13:37:02","guid":{"rendered":"https:\/\/4room.lv\/?post_type=product&#038;p=155261"},"modified":"2025-03-28T15:37:03","modified_gmt":"2025-03-28T13:37:03","slug":"paganini-ruby-red","status":"publish","type":"product","link":"https:\/\/4room.lv\/ru\/veikals\/apgaismojums\/dekorativais\/paganini-ruby-red\/","title":{"rendered":"Paganini Ruby red"},"content":{"rendered":"","protected":false},"excerpt":{"rendered":"<p>Eleganta lustra ar 6 zariem, efekt\u012bgi rub\u012bnsarkan\u0101 ton\u012b. Lustra bez nek\u0101 lieka, kas patiks k\u0101 greznas klasikas, t\u0101 m\u016bsdien\u012bga dizaina piekrit\u0113jiem.<\/p>\n<p>Lustra pieejama ar\u012b citos izm\u0113ros un da\u017e\u0101dos to\u0146os. Stikla tonu paraugi pieejami pie mums salon\u0101, t\u0101 k\u0101 gaid\u012bsim ciemos.<\/p>\n","protected":false},"featured_media":155262,"template":"","meta":[],"product_cat":[127,147],"product_tag":[],"class_list":{"0":"post-155261","1":"product","2":"type-product","3":"status-publish","4":"has-post-thumbnail","6":"product_brand-ondaluce","7":"product_cat-apgaismojums","8":"product_cat-dekorativais","10":"first","11":"instock","12":"sale","13":"shipping-taxable","14":"purchasable","15":"product-type-simple"},"_links":{"self":[{"href":"https:\/\/4room.lv\/ru\/wp-json\/wp\/v2\/product\/155261","targetHints":{"allow":["GET"]}}],"collection":[{"href":"https:\/\/4room.lv\/ru\/wp-json\/wp\/v2\/product"}],"about":[{"href":"https:\/\/4room.lv\/ru\/wp-json\/wp\/v2\/types\/product"}],"wp:featuredmedia":[{"embeddable":true,"href":"https:\/\/4room.lv\/ru\/wp-json\/wp\/v2\/media\/155262"}],"wp:attachment":[{"href":"https:\/\/4room.lv\/ru\/wp-json\/wp\/v2\/media?parent=155261"}],"wp:term":[{"taxonomy":"product_cat","embeddable":true,"href":"https:\/\/4room.lv\/ru\/wp-json\/wp\/v2\/product_cat?post=155261"},{"taxonomy":"product_tag","embeddable":true,"href":"https:\/\/4room.lv\/ru\/wp-json\/wp\/v2\/product_tag?post=155261"}],"curies":[{"name":"wp","href":"https:\/\/api.w.org\/{rel}","templated":true}]}}