{"id":155366,"date":"2026-03-05T17:52:45","date_gmt":"2026-03-05T15:52:45","guid":{"rendered":"https:\/\/4room.lv\/?post_type=product&#038;p=155366"},"modified":"2026-03-14T15:34:14","modified_gmt":"2026-03-14T13:34:14","slug":"nessino-orange","status":"publish","type":"product","link":"https:\/\/4room.lv\/ru\/veikals\/apgaismojums\/dekorativais\/nessino-orange\/","title":{"rendered":"NESSINO Orange"},"content":{"rendered":"","protected":false},"excerpt":{"rendered":"<p>Nessino ir it\u0101\u013cu dizaina ikona no 60. gadiem, kas ir desmitgade, kas v\u0113st\u012bja par modernit\u0101tes iekaro\u0161anu, kur\u0101 dizains no jauna defin\u0113ja interjerus, pirmo reizi izmantojot plastmasu. Inovat\u012bva un demokr\u0101tiska, izteiksm\u012bga dabas iedvesmot\u0101 forma.<\/p>\n<p>Gaismeklis rad\u012bs m\u0101jigu un omul\u012bgu atmosf\u0113ru un b\u016bs skaists dizaina obhjekts, ko lolot gadiem.<\/p>\n","protected":false},"featured_media":155373,"template":"","meta":[],"product_cat":[1058,127,147],"product_tag":[],"class_list":{"0":"post-155366","1":"product","2":"type-product","3":"status-publish","4":"has-post-thumbnail","6":"product_brand-artemide","7":"product_cat-dizaina","8":"product_cat-apgaismojums","9":"product_cat-dekorativais","11":"first","12":"instock","13":"shipping-taxable","14":"purchasable","15":"product-type-simple","16":"hongo-alternate-image-wrap"},"_links":{"self":[{"href":"https:\/\/4room.lv\/ru\/wp-json\/wp\/v2\/product\/155366","targetHints":{"allow":["GET"]}}],"collection":[{"href":"https:\/\/4room.lv\/ru\/wp-json\/wp\/v2\/product"}],"about":[{"href":"https:\/\/4room.lv\/ru\/wp-json\/wp\/v2\/types\/product"}],"wp:featuredmedia":[{"embeddable":true,"href":"https:\/\/4room.lv\/ru\/wp-json\/wp\/v2\/media\/155373"}],"wp:attachment":[{"href":"https:\/\/4room.lv\/ru\/wp-json\/wp\/v2\/media?parent=155366"}],"wp:term":[{"taxonomy":"product_cat","embeddable":true,"href":"https:\/\/4room.lv\/ru\/wp-json\/wp\/v2\/product_cat?post=155366"},{"taxonomy":"product_tag","embeddable":true,"href":"https:\/\/4room.lv\/ru\/wp-json\/wp\/v2\/product_tag?post=155366"}],"curies":[{"name":"wp","href":"https:\/\/api.w.org\/{rel}","templated":true}]}}