{"id":155391,"date":"2025-03-31T18:06:10","date_gmt":"2025-03-31T15:06:10","guid":{"rendered":"https:\/\/4room.lv\/?post_type=product&#038;p=155391"},"modified":"2025-03-31T18:06:10","modified_gmt":"2025-03-31T15:06:10","slug":"nyneto-1410mm","status":"publish","type":"product","link":"https:\/\/4room.lv\/ru\/veikals\/apgaismojums\/dekorativais\/nyneto-1410mm\/","title":{"rendered":"Nyneto 1410mm"},"content":{"rendered":"","protected":false},"excerpt":{"rendered":"<p>Nyneto ir maz\u0101kais profila gaismeklis m\u016bsu kl\u0101st\u0101. \u0160is iek\u0161telpu LED gaismeklis (IP40) ir izstr\u0101d\u0101ts t\u0101, lai paliktu nepaman\u012bts un sapl\u016bstu ar telpu, ide\u0101li piem\u0113rots instal\u0101cij\u0101m, kur vieta ir ierobe\u017eota.<\/p>\n<p>Konkr\u0113tais modelis ir 1410mm gar\u0161, 3000k spektr\u0101, bet tam ir da\u017e\u0101das iesp\u0113jas pa\u0161\u016btot<\/p>\n<p>Pieejams ar 16\u00a0W, 20\u00a0W, 24\u00a0W un 28\u00a0W jaudu, 230\u00a0VAC un PF\u00a0&gt; 0,9, Nyneto ir CRI&gt;90 sertific\u0113ts patiesai kr\u0101su atveidei, un t\u0101 kr\u0101su temperat\u016bra ir 2700\u00a0K (56\u00a0lm\/W), 3000\u00a0K (61\u00a0lm\/W), un 4,6\u00a0telp\/W tiek piel\u0101gota katrai telpai. nepiecie\u0161am\u012bba un diennakts laiks. Gaismeklis ietver \u0101r\u0113jo draiveri, kas tiek pieg\u0101d\u0101ts ar nelielu padzi\u013cin\u0101tu pamatni un ir savietojams ar Casambi, Tuya, Dali 2 un Push sist\u0113m\u0101m, tehnolo\u0123ij\u0101m, kas nodro\u0161ina inteli\u0123entu gaismas vad\u012bbu un regul\u0113 t\u0101s intensit\u0101ti, nodro\u0161inot komfortu un apgaismojuma komfortu.<\/p>\n<p>Nyneto ir melns\/balts, bet tam ir iesp\u0113ja piel\u0101got Ral kr\u0101su uz apjomu,. T\u0101 vid\u0113jais kalpo\u0161anas laiks ir 50 000 stundas ar 5 gadu garantiju.<\/p>\n","protected":false},"featured_media":155392,"template":"","meta":[],"product_cat":[127,148,147],"product_tag":[],"class_list":{"0":"post-155391","1":"product","2":"type-product","3":"status-publish","4":"has-post-thumbnail","6":"product_brand-beneito-faure","7":"product_cat-apgaismojums","8":"product_cat-arhitekturalais","9":"product_cat-dekorativais","11":"first","12":"instock","13":"shipping-taxable","14":"purchasable","15":"product-type-simple","16":"hongo-alternate-image-wrap"},"_links":{"self":[{"href":"https:\/\/4room.lv\/ru\/wp-json\/wp\/v2\/product\/155391","targetHints":{"allow":["GET"]}}],"collection":[{"href":"https:\/\/4room.lv\/ru\/wp-json\/wp\/v2\/product"}],"about":[{"href":"https:\/\/4room.lv\/ru\/wp-json\/wp\/v2\/types\/product"}],"wp:featuredmedia":[{"embeddable":true,"href":"https:\/\/4room.lv\/ru\/wp-json\/wp\/v2\/media\/155392"}],"wp:attachment":[{"href":"https:\/\/4room.lv\/ru\/wp-json\/wp\/v2\/media?parent=155391"}],"wp:term":[{"taxonomy":"product_cat","embeddable":true,"href":"https:\/\/4room.lv\/ru\/wp-json\/wp\/v2\/product_cat?post=155391"},{"taxonomy":"product_tag","embeddable":true,"href":"https:\/\/4room.lv\/ru\/wp-json\/wp\/v2\/product_tag?post=155391"}],"curies":[{"name":"wp","href":"https:\/\/api.w.org\/{rel}","templated":true}]}}