{"id":155417,"date":"2025-04-01T11:34:00","date_gmt":"2025-04-01T08:34:00","guid":{"rendered":"https:\/\/4room.lv\/?post_type=product&#038;p=155417"},"modified":"2025-04-01T11:34:01","modified_gmt":"2025-04-01T08:34:01","slug":"ufo-lens-switch-industrial","status":"publish","type":"product","link":"https:\/\/4room.lv\/ru\/veikals\/apgaismojums\/industrialais\/ufo-lens-switch-industrial\/","title":{"rendered":"Ufo Lens Switch industrial"},"content":{"rendered":"","protected":false},"excerpt":{"rendered":"<p>Ufo Lens Switch ir\u00a0 LED gaismeklis (IP65), kas paredz\u0113ts industri\u0101l\u0101m telp\u0101m, darbn\u012bc\u0101m un noliktav\u0101m ar vid\u0113ju vai lielu augstumu. T\u0101 kompaktais dizains kop\u0101 ar piederumiem \u013cauj viegli uzst\u0101d\u012bt gan piek\u0101rtu, gan uz virsmas.<\/p>\n<p>Modelim ir tr\u012bs da\u017e\u0101das jaudas 60W-80W-100W, ko var kombin\u0113t ar tr\u012bs kr\u0101su temperat\u016br\u0101m (3000K, 4000K un 5000K) un (60\u00ba,90\u00ba un 110\u00ba), ko var prec\u012bzi piel\u0101got katras telpas vajadz\u012bb\u0101m. Ufo Lens Switch ir apr\u012bkots ar Switch tehnolo\u0123iju, kas \u013cauj piel\u0101got gaismu telpas vajadz\u012bb\u0101m.<\/p>\n<p>Ufo Lens Switch ir meln\u0101 kr\u0101s\u0101, t\u0101 vid\u0113jais kalpo\u0161anas laiks ir 50 000 stundas un 5 gadu garantija.<\/p>\n","protected":false},"featured_media":155418,"template":"","meta":[],"product_cat":[127,149],"product_tag":[],"class_list":{"0":"post-155417","1":"product","2":"type-product","3":"status-publish","4":"has-post-thumbnail","6":"product_brand-beneito-faure","7":"product_cat-apgaismojums","8":"product_cat-industrialais","10":"first","11":"instock","12":"shipping-taxable","13":"purchasable","14":"product-type-simple","15":"hongo-alternate-image-wrap"},"_links":{"self":[{"href":"https:\/\/4room.lv\/ru\/wp-json\/wp\/v2\/product\/155417","targetHints":{"allow":["GET"]}}],"collection":[{"href":"https:\/\/4room.lv\/ru\/wp-json\/wp\/v2\/product"}],"about":[{"href":"https:\/\/4room.lv\/ru\/wp-json\/wp\/v2\/types\/product"}],"wp:featuredmedia":[{"embeddable":true,"href":"https:\/\/4room.lv\/ru\/wp-json\/wp\/v2\/media\/155418"}],"wp:attachment":[{"href":"https:\/\/4room.lv\/ru\/wp-json\/wp\/v2\/media?parent=155417"}],"wp:term":[{"taxonomy":"product_cat","embeddable":true,"href":"https:\/\/4room.lv\/ru\/wp-json\/wp\/v2\/product_cat?post=155417"},{"taxonomy":"product_tag","embeddable":true,"href":"https:\/\/4room.lv\/ru\/wp-json\/wp\/v2\/product_tag?post=155417"}],"curies":[{"name":"wp","href":"https:\/\/api.w.org\/{rel}","templated":true}]}}