{"id":155462,"date":"2025-04-01T17:35:58","date_gmt":"2025-04-01T14:35:58","guid":{"rendered":"https:\/\/4room.lv\/?post_type=product&#038;p=155462"},"modified":"2025-04-01T17:39:47","modified_gmt":"2025-04-01T14:39:47","slug":"potenza-wall","status":"publish","type":"product","link":"https:\/\/4room.lv\/ru\/veikals\/apgaismojums\/dekorativais\/potenza-wall\/","title":{"rendered":"Potenza wall"},"content":{"rendered":"","protected":false},"excerpt":{"rendered":"<p>Klasiska elegance no Ferroluce Classic s\u0113rijas. Gaismeklis Potenza lieliski ieder\u0113sies pirmskara m\u0101ju dz\u012bvok\u013cos vai lauku maj\u0101. Vai k\u0101 ori\u0123in\u0101ls akcents modern\u0101 interjer\u0101, pateicoties vienm\u0113rs aktu\u0101lajam meln\u0101 un balt\u0101 kr\u0101su kombin\u0101cijai, tas ir patiesm univers\u0101ls gaismeklis.<\/p>\n<p>Visas deta\u013cas ir roku darbs no It\u0101lijas, kas gatavoti ar r\u016bp\u012bbu.<\/p>\n<p>V\u0113r\u0161am uzman\u012bbu, ka gaismek\u013ci tiek izgatavoti p\u0113c pas\u016bt\u012bjuma un termi\u0146\u0161 ir atkar\u012bgs no ra\u017eo\u0161anas ilguma.<\/p>\n","protected":false},"featured_media":155466,"template":"","meta":[],"product_cat":[1058,127,147],"product_tag":[],"class_list":{"0":"post-155462","1":"product","2":"type-product","3":"status-publish","4":"has-post-thumbnail","6":"product_brand-ferroluce","7":"product_cat-dizaina","8":"product_cat-apgaismojums","9":"product_cat-dekorativais","11":"first","12":"instock","13":"shipping-taxable","14":"purchasable","15":"product-type-simple"},"_links":{"self":[{"href":"https:\/\/4room.lv\/ru\/wp-json\/wp\/v2\/product\/155462","targetHints":{"allow":["GET"]}}],"collection":[{"href":"https:\/\/4room.lv\/ru\/wp-json\/wp\/v2\/product"}],"about":[{"href":"https:\/\/4room.lv\/ru\/wp-json\/wp\/v2\/types\/product"}],"wp:featuredmedia":[{"embeddable":true,"href":"https:\/\/4room.lv\/ru\/wp-json\/wp\/v2\/media\/155466"}],"wp:attachment":[{"href":"https:\/\/4room.lv\/ru\/wp-json\/wp\/v2\/media?parent=155462"}],"wp:term":[{"taxonomy":"product_cat","embeddable":true,"href":"https:\/\/4room.lv\/ru\/wp-json\/wp\/v2\/product_cat?post=155462"},{"taxonomy":"product_tag","embeddable":true,"href":"https:\/\/4room.lv\/ru\/wp-json\/wp\/v2\/product_tag?post=155462"}],"curies":[{"name":"wp","href":"https:\/\/api.w.org\/{rel}","templated":true}]}}