{"id":155472,"date":"2025-04-01T17:56:24","date_gmt":"2025-04-01T14:56:24","guid":{"rendered":"https:\/\/4room.lv\/?post_type=product&#038;p=155472"},"modified":"2025-04-01T17:56:24","modified_gmt":"2025-04-01T14:56:24","slug":"joanna-chair-valnut-black-leather","status":"publish","type":"product","link":"https:\/\/4room.lv\/ru\/veikals\/mebeles\/kresli\/joanna-chair-valnut-black-leather\/","title":{"rendered":"Joanna chair valnut\/black leather"},"content":{"rendered":"","protected":false},"excerpt":{"rendered":"<p>Aktu\u0101lais Joanna modelis uzrun\u0101 ar sav\u0101m noapa\u013cotaj\u0101m form\u0101m. \u0112rts un stabils, nostr\u0101dats ar r\u016bp\u012bbu. Konkr\u0113tais modelis ir pieejams valriekst\u0101 ton\u0113ta b\u0113rz\u0101 r\u0101m\u012b un ar melnu dab\u012bg\u0101s \u0101das s\u0113\u017eu.<\/p>\n<p>Ta\u010du ta k\u0101 m\u0113beles ra\u017eo p\u0113c pa\u0161\u016bt\u012bju Portug\u0101l\u0113, tad no r\u017eot\u0101ja ir pla\u0161s kl\u0101sts ar koka to\u0146iem un apdares materi\u0101liem.<\/p>\n","protected":false},"featured_media":155473,"template":"","meta":[],"product_cat":[129,144],"product_tag":[],"class_list":{"0":"post-155472","1":"product","2":"type-product","3":"status-publish","4":"has-post-thumbnail","6":"product_brand-morecontract","7":"product_cat-mebeles","8":"product_cat-kresli","10":"first","11":"instock","12":"shipping-taxable","13":"purchasable","14":"product-type-simple","15":"hongo-alternate-image-wrap"},"_links":{"self":[{"href":"https:\/\/4room.lv\/ru\/wp-json\/wp\/v2\/product\/155472","targetHints":{"allow":["GET"]}}],"collection":[{"href":"https:\/\/4room.lv\/ru\/wp-json\/wp\/v2\/product"}],"about":[{"href":"https:\/\/4room.lv\/ru\/wp-json\/wp\/v2\/types\/product"}],"wp:featuredmedia":[{"embeddable":true,"href":"https:\/\/4room.lv\/ru\/wp-json\/wp\/v2\/media\/155473"}],"wp:attachment":[{"href":"https:\/\/4room.lv\/ru\/wp-json\/wp\/v2\/media?parent=155472"}],"wp:term":[{"taxonomy":"product_cat","embeddable":true,"href":"https:\/\/4room.lv\/ru\/wp-json\/wp\/v2\/product_cat?post=155472"},{"taxonomy":"product_tag","embeddable":true,"href":"https:\/\/4room.lv\/ru\/wp-json\/wp\/v2\/product_tag?post=155472"}],"curies":[{"name":"wp","href":"https:\/\/api.w.org\/{rel}","templated":true}]}}