{"id":155482,"date":"2025-04-02T10:41:15","date_gmt":"2025-04-02T07:41:15","guid":{"rendered":"https:\/\/4room.lv\/?post_type=product&#038;p=155482"},"modified":"2025-04-02T10:41:15","modified_gmt":"2025-04-02T07:41:15","slug":"pendant-lamp-puntes","status":"publish","type":"product","link":"https:\/\/4room.lv\/ru\/veikals\/apgaismojums\/dekorativais\/pendant-lamp-puntes\/","title":{"rendered":"Pendant lamp Puntes"},"content":{"rendered":"","protected":false},"excerpt":{"rendered":"<p>Grezn\u0101 Puntes gaismek\u013cu s\u0113rija ir izsmalcin\u0101ts klasikas un modern\u0101 stila apvienojums. Tai ir spo\u017es hrom\u0113ts r\u0101mis uz kura izk\u0101rtoti unik\u0101las formas lieli krist\u0101li.<\/p>\n<p>Gaismekl\u012b ir se\u0161as spuldzes, m\u0113s ieteiktu izvel\u0113ties caursp\u012bd\u012bgas stikla, lai krist\u0101ls skaist\u0101k zaigo.<\/p>\n<p>S\u0113rij\u0101 ir ar\u012b citi gaismek\u013ci, ta k\u0101 ja v\u0113laties ieg\u0101d\u0101ties vel k\u0101du no s\u0113rijas gaismek\u013ciem, bet neatrodat to lap\u0101, tad dro\u0161i grie\u017eaties pie mums.<\/p>\n","protected":false},"featured_media":155483,"template":"","meta":[],"product_cat":[127,147],"product_tag":[],"class_list":{"0":"post-155482","1":"product","2":"type-product","3":"status-publish","4":"has-post-thumbnail","6":"product_brand-maytoni","7":"product_cat-apgaismojums","8":"product_cat-dekorativais","10":"first","11":"instock","12":"shipping-taxable","13":"purchasable","14":"product-type-simple","15":"hongo-alternate-image-wrap"},"_links":{"self":[{"href":"https:\/\/4room.lv\/ru\/wp-json\/wp\/v2\/product\/155482","targetHints":{"allow":["GET"]}}],"collection":[{"href":"https:\/\/4room.lv\/ru\/wp-json\/wp\/v2\/product"}],"about":[{"href":"https:\/\/4room.lv\/ru\/wp-json\/wp\/v2\/types\/product"}],"wp:featuredmedia":[{"embeddable":true,"href":"https:\/\/4room.lv\/ru\/wp-json\/wp\/v2\/media\/155483"}],"wp:attachment":[{"href":"https:\/\/4room.lv\/ru\/wp-json\/wp\/v2\/media?parent=155482"}],"wp:term":[{"taxonomy":"product_cat","embeddable":true,"href":"https:\/\/4room.lv\/ru\/wp-json\/wp\/v2\/product_cat?post=155482"},{"taxonomy":"product_tag","embeddable":true,"href":"https:\/\/4room.lv\/ru\/wp-json\/wp\/v2\/product_tag?post=155482"}],"curies":[{"name":"wp","href":"https:\/\/api.w.org\/{rel}","templated":true}]}}