{"id":155658,"date":"2025-04-03T17:32:39","date_gmt":"2025-04-03T14:32:39","guid":{"rendered":"https:\/\/4room.lv\/?post_type=product&#038;p=155658"},"modified":"2025-04-03T17:32:40","modified_gmt":"2025-04-03T14:32:40","slug":"poc-recessed-ceiling-light","status":"publish","type":"product","link":"https:\/\/4room.lv\/ru\/veikals\/apgaismojums\/dekorativais\/poc-recessed-ceiling-light\/","title":{"rendered":"Poc Recessed ceiling light"},"content":{"rendered":"","protected":false},"excerpt":{"rendered":"<p>Skaists ieb\u016bv\u0113jams gaismeklis ar stikla l\u0113cu, kas lieliski sl\u0113pj Led avotu, lai gaisma b\u016btu pat\u012bkama un Led diode b\u016btu neman\u0101ma. Gaismeklis ir mitrumnotur\u012bgs un izmantojams ar\u012b vannasistab\u0101.<\/p>\n<p>Griestos nepeicie\u0161ams minimums 6cm, lai gaismeklis tajos ietilptu, izgriezums 7.5cm diametr\u0101.<\/p>\n","protected":false},"featured_media":155659,"template":"","meta":[],"product_cat":[127,148,147],"product_tag":[],"class_list":{"0":"post-155658","1":"product","2":"type-product","3":"status-publish","4":"has-post-thumbnail","6":"product_brand-vkled","7":"product_cat-apgaismojums","8":"product_cat-arhitekturalais","9":"product_cat-dekorativais","11":"first","12":"instock","13":"shipping-taxable","14":"purchasable","15":"product-type-simple","16":"hongo-alternate-image-wrap"},"_links":{"self":[{"href":"https:\/\/4room.lv\/ru\/wp-json\/wp\/v2\/product\/155658","targetHints":{"allow":["GET"]}}],"collection":[{"href":"https:\/\/4room.lv\/ru\/wp-json\/wp\/v2\/product"}],"about":[{"href":"https:\/\/4room.lv\/ru\/wp-json\/wp\/v2\/types\/product"}],"wp:featuredmedia":[{"embeddable":true,"href":"https:\/\/4room.lv\/ru\/wp-json\/wp\/v2\/media\/155659"}],"wp:attachment":[{"href":"https:\/\/4room.lv\/ru\/wp-json\/wp\/v2\/media?parent=155658"}],"wp:term":[{"taxonomy":"product_cat","embeddable":true,"href":"https:\/\/4room.lv\/ru\/wp-json\/wp\/v2\/product_cat?post=155658"},{"taxonomy":"product_tag","embeddable":true,"href":"https:\/\/4room.lv\/ru\/wp-json\/wp\/v2\/product_tag?post=155658"}],"curies":[{"name":"wp","href":"https:\/\/api.w.org\/{rel}","templated":true}]}}