{"id":155742,"date":"2025-04-05T17:29:28","date_gmt":"2025-04-05T14:29:28","guid":{"rendered":"https:\/\/4room.lv\/?post_type=product&#038;p=155742"},"modified":"2025-12-28T19:19:00","modified_gmt":"2025-12-28T17:19:00","slug":"wine-cabinet-mori","status":"publish","type":"product","link":"https:\/\/4room.lv\/ru\/veikals\/mebeles\/plaukti-un-skapji\/wine-cabinet-mori\/","title":{"rendered":"Wine Cabinet Mori"},"content":{"rendered":"","protected":false},"excerpt":{"rendered":"<p>Efekt\u012bgs v\u012bna skapis no dzelzs ar stikla durti\u0146\u0101m un atvilkni ar egles koka dekorat\u012bvu paneli. Tam ir sliedes gl\u0101z\u0113m un vieta pudel\u0113m. Tas b\u016bs diazain\u0101 unik\u0101ls, bet ar\u012b prakstisks lieto\u0161an\u0101.<\/p>\n<p>&nbsp;<\/p>\n","protected":false},"featured_media":155749,"template":"","meta":[],"product_cat":[129,143],"product_tag":[],"class_list":{"0":"post-155742","1":"product","2":"type-product","3":"status-publish","4":"has-post-thumbnail","6":"product_brand-dutch-bone","7":"product_brand-white-label-living","8":"product_brand-zuiver","9":"product_cat-mebeles","10":"product_cat-plaukti-un-skapji","12":"first","13":"instock","14":"shipping-taxable","15":"purchasable","16":"product-type-simple","17":"hongo-alternate-image-wrap"},"_links":{"self":[{"href":"https:\/\/4room.lv\/ru\/wp-json\/wp\/v2\/product\/155742","targetHints":{"allow":["GET"]}}],"collection":[{"href":"https:\/\/4room.lv\/ru\/wp-json\/wp\/v2\/product"}],"about":[{"href":"https:\/\/4room.lv\/ru\/wp-json\/wp\/v2\/types\/product"}],"wp:featuredmedia":[{"embeddable":true,"href":"https:\/\/4room.lv\/ru\/wp-json\/wp\/v2\/media\/155749"}],"wp:attachment":[{"href":"https:\/\/4room.lv\/ru\/wp-json\/wp\/v2\/media?parent=155742"}],"wp:term":[{"taxonomy":"product_cat","embeddable":true,"href":"https:\/\/4room.lv\/ru\/wp-json\/wp\/v2\/product_cat?post=155742"},{"taxonomy":"product_tag","embeddable":true,"href":"https:\/\/4room.lv\/ru\/wp-json\/wp\/v2\/product_tag?post=155742"}],"curies":[{"name":"wp","href":"https:\/\/api.w.org\/{rel}","templated":true}]}}