{"id":155768,"date":"2025-04-05T17:54:18","date_gmt":"2025-04-05T14:54:18","guid":{"rendered":"https:\/\/4room.lv\/?post_type=product&#038;p=155768"},"modified":"2025-12-28T19:18:59","modified_gmt":"2025-12-28T17:18:59","slug":"table-lamp-wonders-shiny-lilac","status":"publish","type":"product","link":"https:\/\/4room.lv\/ru\/veikals\/apgaismojums\/dekorativais\/table-lamp-wonders-shiny-lilac\/","title":{"rendered":"Table Lamp Wonders Shiny Lilac"},"content":{"rendered":"","protected":false},"excerpt":{"rendered":"<p>Unik\u0101la galda lampa ceri\u0146u lill\u0101 ton\u012b! ienes dz\u012bvesprieku sav\u0101s m\u0101j\u0101s ar \u0161o burv\u012bgo gaismekllis, kas kalpos k\u0101 akcnts interjer\u0101 un k\u0101 noska\u0146as apgaismojums vakaros. Gaismeklis ir kr\u0101sota met\u0101la, kas lakots ar glanc\u0113tu laku sp\u012bdumam.<\/p>\n","protected":false},"featured_media":155769,"template":"","meta":[],"product_cat":[127,147],"product_tag":[],"class_list":{"0":"post-155768","1":"product","2":"type-product","3":"status-publish","4":"has-post-thumbnail","6":"product_brand-dutch-bone","7":"product_brand-white-label-living","8":"product_brand-zuiver","9":"product_cat-apgaismojums","10":"product_cat-dekorativais","12":"first","13":"instock","14":"shipping-taxable","15":"purchasable","16":"product-type-simple","17":"hongo-alternate-image-wrap"},"_links":{"self":[{"href":"https:\/\/4room.lv\/ru\/wp-json\/wp\/v2\/product\/155768","targetHints":{"allow":["GET"]}}],"collection":[{"href":"https:\/\/4room.lv\/ru\/wp-json\/wp\/v2\/product"}],"about":[{"href":"https:\/\/4room.lv\/ru\/wp-json\/wp\/v2\/types\/product"}],"wp:featuredmedia":[{"embeddable":true,"href":"https:\/\/4room.lv\/ru\/wp-json\/wp\/v2\/media\/155769"}],"wp:attachment":[{"href":"https:\/\/4room.lv\/ru\/wp-json\/wp\/v2\/media?parent=155768"}],"wp:term":[{"taxonomy":"product_cat","embeddable":true,"href":"https:\/\/4room.lv\/ru\/wp-json\/wp\/v2\/product_cat?post=155768"},{"taxonomy":"product_tag","embeddable":true,"href":"https:\/\/4room.lv\/ru\/wp-json\/wp\/v2\/product_tag?post=155768"}],"curies":[{"name":"wp","href":"https:\/\/api.w.org\/{rel}","templated":true}]}}