{"id":155784,"date":"2025-04-07T09:20:49","date_gmt":"2025-04-07T06:20:49","guid":{"rendered":"https:\/\/4room.lv\/?post_type=product&#038;p=155784"},"modified":"2025-04-07T09:20:50","modified_gmt":"2025-04-07T06:20:50","slug":"notti-10-pendant-black","status":"publish","type":"product","link":"https:\/\/4room.lv\/ru\/veikals\/apgaismojums\/dekorativais\/notti-10-pendant-black\/","title":{"rendered":"Notti 10 Pendant Black"},"content":{"rendered":"","protected":false},"excerpt":{"rendered":"<p>Neliels un vienk\u0101r\u0161 iek\u0101rts gaismeklis ar E27 spuldzi, kuru var\u0113siet izv\u0113l\u0113ties p\u0113c ieskatiem. Ieder\u0113sies da\u017e\u0101dos interjeros un dazadam vajadz\u012bb\u0101m.<\/p>\n<p>Pieejami ar\u012b citi to\u0146i.<\/p>\n","protected":false},"featured_media":155785,"template":"","meta":[],"product_cat":[127,147],"product_tag":[],"class_list":{"0":"post-155784","1":"product","2":"type-product","3":"status-publish","4":"has-post-thumbnail","6":"product_brand-nordlux","7":"product_cat-apgaismojums","8":"product_cat-dekorativais","10":"first","11":"instock","12":"shipping-taxable","13":"purchasable","14":"product-type-simple","15":"hongo-alternate-image-wrap"},"_links":{"self":[{"href":"https:\/\/4room.lv\/ru\/wp-json\/wp\/v2\/product\/155784","targetHints":{"allow":["GET"]}}],"collection":[{"href":"https:\/\/4room.lv\/ru\/wp-json\/wp\/v2\/product"}],"about":[{"href":"https:\/\/4room.lv\/ru\/wp-json\/wp\/v2\/types\/product"}],"wp:featuredmedia":[{"embeddable":true,"href":"https:\/\/4room.lv\/ru\/wp-json\/wp\/v2\/media\/155785"}],"wp:attachment":[{"href":"https:\/\/4room.lv\/ru\/wp-json\/wp\/v2\/media?parent=155784"}],"wp:term":[{"taxonomy":"product_cat","embeddable":true,"href":"https:\/\/4room.lv\/ru\/wp-json\/wp\/v2\/product_cat?post=155784"},{"taxonomy":"product_tag","embeddable":true,"href":"https:\/\/4room.lv\/ru\/wp-json\/wp\/v2\/product_tag?post=155784"}],"curies":[{"name":"wp","href":"https:\/\/api.w.org\/{rel}","templated":true}]}}