{"id":155794,"date":"2025-04-07T09:51:42","date_gmt":"2025-04-07T06:51:42","guid":{"rendered":"https:\/\/4room.lv\/?post_type=product&#038;p=155794"},"modified":"2025-12-28T19:18:59","modified_gmt":"2025-12-28T17:18:59","slug":"coffee-table-fabio-natural","status":"publish","type":"product","link":"https:\/\/4room.lv\/ru\/veikals\/mebeles\/galdi\/coffee-table-fabio-natural\/","title":{"rendered":"Coffee Table Fabio Natural"},"content":{"rendered":"","protected":false},"excerpt":{"rendered":"<p>Klasisk kafijas galdi\u0146\u0161 ozol\u0101, kas nezaud\u0113s aktualit\u0101ti mainoties aktualit\u0101t\u0113m. Ja v\u0113laties galdi\u0146u, kas kalpos jums ilgi, tad izv\u0113lieties Fabio.<\/p>\n","protected":false},"featured_media":155795,"template":"","meta":[],"product_cat":[129,142],"product_tag":[],"class_list":{"0":"post-155794","1":"product","2":"type-product","3":"status-publish","4":"has-post-thumbnail","6":"product_brand-dutch-bone","7":"product_brand-white-label-living","8":"product_brand-zuiver","9":"product_cat-mebeles","10":"product_cat-galdi","12":"first","13":"instock","14":"shipping-taxable","15":"purchasable","16":"product-type-simple","17":"hongo-alternate-image-wrap"},"_links":{"self":[{"href":"https:\/\/4room.lv\/ru\/wp-json\/wp\/v2\/product\/155794","targetHints":{"allow":["GET"]}}],"collection":[{"href":"https:\/\/4room.lv\/ru\/wp-json\/wp\/v2\/product"}],"about":[{"href":"https:\/\/4room.lv\/ru\/wp-json\/wp\/v2\/types\/product"}],"wp:featuredmedia":[{"embeddable":true,"href":"https:\/\/4room.lv\/ru\/wp-json\/wp\/v2\/media\/155795"}],"wp:attachment":[{"href":"https:\/\/4room.lv\/ru\/wp-json\/wp\/v2\/media?parent=155794"}],"wp:term":[{"taxonomy":"product_cat","embeddable":true,"href":"https:\/\/4room.lv\/ru\/wp-json\/wp\/v2\/product_cat?post=155794"},{"taxonomy":"product_tag","embeddable":true,"href":"https:\/\/4room.lv\/ru\/wp-json\/wp\/v2\/product_tag?post=155794"}],"curies":[{"name":"wp","href":"https:\/\/api.w.org\/{rel}","templated":true}]}}