{"id":155807,"date":"2025-04-07T10:25:42","date_gmt":"2025-04-07T07:25:42","guid":{"rendered":"https:\/\/4room.lv\/?post_type=product&#038;p=155807"},"modified":"2025-04-07T10:25:43","modified_gmt":"2025-04-07T07:25:43","slug":"oja-29-ip54-2700k-sensor-ceiling-light-white","status":"publish","type":"product","link":"https:\/\/4room.lv\/ru\/veikals\/apgaismojums\/dekorativais\/oja-29-ip54-2700k-sensor-ceiling-light-white\/","title":{"rendered":"Oja 29 IP54 2700K Sensor Ceiling light White"},"content":{"rendered":"","protected":false},"excerpt":{"rendered":"<p>Praktisks griestu Led gaismeklis ar sensoru un mitrumaizsardz\u012bbu. Sensora radiusu un laiku ir iesp\u0113ja iestat\u012bt p\u0113c nepeicie\u0161am\u012bbas. Gaismeklis ir ar augstu mitrumnotur\u012bbu, piem\u0113rots mitr\u0101m telp\u0101m.<\/p>\n","protected":false},"featured_media":155814,"template":"","meta":[],"product_cat":[127,148,147],"product_tag":[],"class_list":{"0":"post-155807","1":"product","2":"type-product","3":"status-publish","4":"has-post-thumbnail","6":"product_brand-nordlux","7":"product_cat-apgaismojums","8":"product_cat-arhitekturalais","9":"product_cat-dekorativais","11":"first","12":"instock","13":"shipping-taxable","14":"purchasable","15":"product-type-simple","16":"hongo-alternate-image-wrap"},"_links":{"self":[{"href":"https:\/\/4room.lv\/ru\/wp-json\/wp\/v2\/product\/155807","targetHints":{"allow":["GET"]}}],"collection":[{"href":"https:\/\/4room.lv\/ru\/wp-json\/wp\/v2\/product"}],"about":[{"href":"https:\/\/4room.lv\/ru\/wp-json\/wp\/v2\/types\/product"}],"wp:featuredmedia":[{"embeddable":true,"href":"https:\/\/4room.lv\/ru\/wp-json\/wp\/v2\/media\/155814"}],"wp:attachment":[{"href":"https:\/\/4room.lv\/ru\/wp-json\/wp\/v2\/media?parent=155807"}],"wp:term":[{"taxonomy":"product_cat","embeddable":true,"href":"https:\/\/4room.lv\/ru\/wp-json\/wp\/v2\/product_cat?post=155807"},{"taxonomy":"product_tag","embeddable":true,"href":"https:\/\/4room.lv\/ru\/wp-json\/wp\/v2\/product_tag?post=155807"}],"curies":[{"name":"wp","href":"https:\/\/api.w.org\/{rel}","templated":true}]}}