{"id":155817,"date":"2025-04-07T10:38:02","date_gmt":"2025-04-07T07:38:02","guid":{"rendered":"https:\/\/4room.lv\/?post_type=product&#038;p=155817"},"modified":"2025-12-28T19:18:59","modified_gmt":"2025-12-28T17:18:59","slug":"plaukts-veda-1-shelf-s","status":"publish","type":"product","link":"https:\/\/4room.lv\/ru\/veikals\/mebeles\/plaukti-un-skapji\/plaukts-veda-1-shelf-s\/","title":{"rendered":"Plaukts Veda 1 Shelf S"},"content":{"rendered":"","protected":false},"excerpt":{"rendered":"<p>Ja j\u016bs sap\u0146ojat par interjeru, kas pilns ar unik\u0101liem atradumiem, j\u016bs esat \u012bstaj\u0101 viet\u0101 ar Veda. \u0160\u012bs s\u0113rijas sienas skapji un galdi ar savu p\u0101rsteidzo\u0161o izskatu pie\u0161\u0137ir t\u016bl\u012bt\u0113ju raksturu un atmosf\u0113ru. Tas izriet no rota\u013c\u012bgo, organisko formu un p\u0101rstr\u0101d\u0101t\u0101 marmora silt\u0101 izskata, no kura tie ir izgatavoti. Tas ir silti blati b\u0113\u0161\u0101 ton\u012b, kas izskat\u0101s \u013coti dabiski un m\u0101j\u012bgi.<\/p>\n<p>S\u0113r\u012bj\u0101 ir vairaki izm\u0113ri, k\u0101 a\u0157\u012b galdi\u0146i, lai veidotu harmonisku kompoz\u012bciju.<\/p>\n","protected":false},"featured_media":155818,"template":"","meta":[],"product_cat":[129,143],"product_tag":[],"class_list":{"0":"post-155817","1":"product","2":"type-product","3":"status-publish","4":"has-post-thumbnail","6":"product_brand-dutch-bone","7":"product_brand-white-label-living","8":"product_brand-zuiver","9":"product_cat-mebeles","10":"product_cat-plaukti-un-skapji","12":"first","13":"instock","14":"shipping-taxable","15":"purchasable","16":"product-type-simple","17":"hongo-alternate-image-wrap"},"_links":{"self":[{"href":"https:\/\/4room.lv\/ru\/wp-json\/wp\/v2\/product\/155817","targetHints":{"allow":["GET"]}}],"collection":[{"href":"https:\/\/4room.lv\/ru\/wp-json\/wp\/v2\/product"}],"about":[{"href":"https:\/\/4room.lv\/ru\/wp-json\/wp\/v2\/types\/product"}],"wp:featuredmedia":[{"embeddable":true,"href":"https:\/\/4room.lv\/ru\/wp-json\/wp\/v2\/media\/155818"}],"wp:attachment":[{"href":"https:\/\/4room.lv\/ru\/wp-json\/wp\/v2\/media?parent=155817"}],"wp:term":[{"taxonomy":"product_cat","embeddable":true,"href":"https:\/\/4room.lv\/ru\/wp-json\/wp\/v2\/product_cat?post=155817"},{"taxonomy":"product_tag","embeddable":true,"href":"https:\/\/4room.lv\/ru\/wp-json\/wp\/v2\/product_tag?post=155817"}],"curies":[{"name":"wp","href":"https:\/\/api.w.org\/{rel}","templated":true}]}}