{"id":155830,"date":"2025-04-07T12:35:58","date_gmt":"2025-04-07T09:35:58","guid":{"rendered":"https:\/\/4room.lv\/?post_type=product&#038;p=155830"},"modified":"2025-04-07T12:35:58","modified_gmt":"2025-04-07T09:35:58","slug":"devone-table-lamp-dusty-green","status":"publish","type":"product","link":"https:\/\/4room.lv\/ru\/veikals\/apgaismojums\/dekorativais\/devone-table-lamp-dusty-green\/","title":{"rendered":"Devone Table lamp Dusty green"},"content":{"rendered":"","protected":false},"excerpt":{"rendered":"<p>Jauka galda lampa simp\u0101tisk\u0101 pel\u0113c\u012bgi za\u013c\u0101 ton\u012b ar nelielu koka deta\u013cu. Tai ir praktisks trauci\u0146s, kur\u0101 variet likt kancelejas piederumus vai nosl\u0113pt k\u0101du na\u0161\u0137i, k\u0101 ar\u012b piem\u0113rots, lai izmantotu k\u0101 mobil\u0101 t\u0101lru\u0146a balstu.<\/p>\n<p>&nbsp;<\/p>\n","protected":false},"featured_media":155831,"template":"","meta":[],"product_cat":[127,147],"product_tag":[],"class_list":{"0":"post-155830","1":"product","2":"type-product","3":"status-publish","4":"has-post-thumbnail","6":"product_brand-nordlux","7":"product_cat-apgaismojums","8":"product_cat-dekorativais","10":"first","11":"instock","12":"shipping-taxable","13":"purchasable","14":"product-type-simple","15":"hongo-alternate-image-wrap"},"_links":{"self":[{"href":"https:\/\/4room.lv\/ru\/wp-json\/wp\/v2\/product\/155830","targetHints":{"allow":["GET"]}}],"collection":[{"href":"https:\/\/4room.lv\/ru\/wp-json\/wp\/v2\/product"}],"about":[{"href":"https:\/\/4room.lv\/ru\/wp-json\/wp\/v2\/types\/product"}],"wp:featuredmedia":[{"embeddable":true,"href":"https:\/\/4room.lv\/ru\/wp-json\/wp\/v2\/media\/155831"}],"wp:attachment":[{"href":"https:\/\/4room.lv\/ru\/wp-json\/wp\/v2\/media?parent=155830"}],"wp:term":[{"taxonomy":"product_cat","embeddable":true,"href":"https:\/\/4room.lv\/ru\/wp-json\/wp\/v2\/product_cat?post=155830"},{"taxonomy":"product_tag","embeddable":true,"href":"https:\/\/4room.lv\/ru\/wp-json\/wp\/v2\/product_tag?post=155830"}],"curies":[{"name":"wp","href":"https:\/\/api.w.org\/{rel}","templated":true}]}}