{"id":155860,"date":"2025-04-07T13:47:29","date_gmt":"2025-04-07T10:47:29","guid":{"rendered":"https:\/\/4room.lv\/?post_type=product&#038;p=155860"},"modified":"2025-04-07T13:47:29","modified_gmt":"2025-04-07T10:47:29","slug":"divangulta-stina-warm-yellow","status":"publish","type":"product","link":"https:\/\/4room.lv\/ru\/veikals\/mebeles\/divani\/divangulta-stina-warm-yellow\/","title":{"rendered":"D\u012bv\u0101ngulta Stina warm yellow"},"content":{"rendered":"","protected":false},"excerpt":{"rendered":"<p>Stina, \u013coti iesp\u0113jams, ir vislab\u0101k sl\u0113pt\u0101 d\u012bv\u0101ngulta. Vizu\u0101li simp\u0101tisks k\u0101 d\u012bv\u0101ns, tas neizskat\u012bties ac\u012bmredzami p\u0113c izvelkam\u0101 d\u012bv\u0101na. Ar lielisko dizainu modelis b\u016bs vienl\u012bdz nov\u0113rt\u0113ts gan par savu p\u0101rsteidzo\u0161i moderno vizu\u0101lo izskatu, gan praktiskumu un augsto komfortu. P\u0101rv\u0113r\u0161ot to par gultu, j\u016bs b\u016bsiet p\u0101rsteigts, ka gul\u0113\u0161anas komforts neat\u0161\u0137iras no \u012bstas gultas komforta! Nav br\u012bnums, ka uz \u0161\u012b mode\u013ca ir pat\u012bkami atp\u016btin\u0101t gan acis, gan \u0137ermeni.<\/p>\n","protected":false},"featured_media":155867,"template":"","meta":[],"product_cat":[129,145,146],"product_tag":[],"class_list":{"0":"post-155860","1":"product","2":"type-product","3":"status-publish","4":"has-post-thumbnail","6":"product_brand-sits","7":"product_cat-mebeles","8":"product_cat-divani","9":"product_cat-gultas","11":"first","12":"instock","13":"shipping-taxable","14":"purchasable","15":"product-type-simple","16":"hongo-alternate-image-wrap"},"_links":{"self":[{"href":"https:\/\/4room.lv\/ru\/wp-json\/wp\/v2\/product\/155860","targetHints":{"allow":["GET"]}}],"collection":[{"href":"https:\/\/4room.lv\/ru\/wp-json\/wp\/v2\/product"}],"about":[{"href":"https:\/\/4room.lv\/ru\/wp-json\/wp\/v2\/types\/product"}],"wp:featuredmedia":[{"embeddable":true,"href":"https:\/\/4room.lv\/ru\/wp-json\/wp\/v2\/media\/155867"}],"wp:attachment":[{"href":"https:\/\/4room.lv\/ru\/wp-json\/wp\/v2\/media?parent=155860"}],"wp:term":[{"taxonomy":"product_cat","embeddable":true,"href":"https:\/\/4room.lv\/ru\/wp-json\/wp\/v2\/product_cat?post=155860"},{"taxonomy":"product_tag","embeddable":true,"href":"https:\/\/4room.lv\/ru\/wp-json\/wp\/v2\/product_tag?post=155860"}],"curies":[{"name":"wp","href":"https:\/\/api.w.org\/{rel}","templated":true}]}}