{"id":155882,"date":"2025-04-07T14:28:04","date_gmt":"2025-04-07T11:28:04","guid":{"rendered":"https:\/\/4room.lv\/?post_type=product&#038;p=155882"},"modified":"2025-04-07T14:28:04","modified_gmt":"2025-04-07T11:28:04","slug":"7w-recessed-dark-light-led","status":"publish","type":"product","link":"https:\/\/4room.lv\/ru\/veikals\/apgaismojums\/dekorativais\/7w-recessed-dark-light-led\/","title":{"rendered":"7W Recessed Dark Light LED"},"content":{"rendered":"","protected":false},"excerpt":{"rendered":"<p>Ieb\u016bv\u0113jams Led gaismeklis kam komplekt\u0101cij\u0101 n\u0101k divi reflektori. Var\u0113siet izvel\u0113ties melnu vai misi\u0146a kr\u0101sas reflektoru gaismek\u013ca iek\u0161pus\u0113 vienk\u0101r\u0161i to nomainot.<\/p>\n<p>Griestos v\u0113lams ka ir 80mm vieta, lai gaismekli ir vieta. Izgriezuma diametrs 65mm<\/p>\n","protected":false},"featured_media":155892,"template":"","meta":[],"product_cat":[127,148,147],"product_tag":[],"class_list":{"0":"post-155882","1":"product","2":"type-product","3":"status-publish","4":"has-post-thumbnail","6":"product_brand-onelight","7":"product_cat-apgaismojums","8":"product_cat-arhitekturalais","9":"product_cat-dekorativais","11":"first","12":"instock","13":"shipping-taxable","14":"purchasable","15":"product-type-simple","16":"hongo-alternate-image-wrap"},"_links":{"self":[{"href":"https:\/\/4room.lv\/ru\/wp-json\/wp\/v2\/product\/155882","targetHints":{"allow":["GET"]}}],"collection":[{"href":"https:\/\/4room.lv\/ru\/wp-json\/wp\/v2\/product"}],"about":[{"href":"https:\/\/4room.lv\/ru\/wp-json\/wp\/v2\/types\/product"}],"wp:featuredmedia":[{"embeddable":true,"href":"https:\/\/4room.lv\/ru\/wp-json\/wp\/v2\/media\/155892"}],"wp:attachment":[{"href":"https:\/\/4room.lv\/ru\/wp-json\/wp\/v2\/media?parent=155882"}],"wp:term":[{"taxonomy":"product_cat","embeddable":true,"href":"https:\/\/4room.lv\/ru\/wp-json\/wp\/v2\/product_cat?post=155882"},{"taxonomy":"product_tag","embeddable":true,"href":"https:\/\/4room.lv\/ru\/wp-json\/wp\/v2\/product_tag?post=155882"}],"curies":[{"name":"wp","href":"https:\/\/api.w.org\/{rel}","templated":true}]}}