{"id":155911,"date":"2025-04-07T15:33:45","date_gmt":"2025-04-07T12:33:45","guid":{"rendered":"https:\/\/4room.lv\/?post_type=product&#038;p=155911"},"modified":"2025-04-07T15:43:03","modified_gmt":"2025-04-07T12:43:03","slug":"pendant-lamp-ring","status":"publish","type":"product","link":"https:\/\/4room.lv\/ru\/veikals\/apgaismojums\/dekorativais\/pendant-lamp-ring\/","title":{"rendered":"Pendant lamp Ring"},"content":{"rendered":"","protected":false},"excerpt":{"rendered":"<p>Gredzenveida gaismeklis, kam ir 6 balta stikla kupoli rota\u013c\u012bgi izvietoti uz melna r\u0101mja. Katr\u0101 bumb\u0101 iet pa vienai G9 spuldz\u012btei, kas nen\u0101k komplekt\u0101cij\u0101, bet var\u0113siet ieg\u0101d\u0101ties p\u0113c saviem ieskatiem.<\/p>\n<p>&nbsp;<\/p>\n","protected":false},"featured_media":155912,"template":"","meta":[],"product_cat":[127,147],"product_tag":[],"class_list":{"0":"post-155911","1":"product","2":"type-product","3":"status-publish","4":"has-post-thumbnail","6":"product_brand-maytoni","7":"product_cat-apgaismojums","8":"product_cat-dekorativais","10":"first","11":"instock","12":"shipping-taxable","13":"purchasable","14":"product-type-simple","15":"hongo-alternate-image-wrap"},"_links":{"self":[{"href":"https:\/\/4room.lv\/ru\/wp-json\/wp\/v2\/product\/155911","targetHints":{"allow":["GET"]}}],"collection":[{"href":"https:\/\/4room.lv\/ru\/wp-json\/wp\/v2\/product"}],"about":[{"href":"https:\/\/4room.lv\/ru\/wp-json\/wp\/v2\/types\/product"}],"wp:featuredmedia":[{"embeddable":true,"href":"https:\/\/4room.lv\/ru\/wp-json\/wp\/v2\/media\/155912"}],"wp:attachment":[{"href":"https:\/\/4room.lv\/ru\/wp-json\/wp\/v2\/media?parent=155911"}],"wp:term":[{"taxonomy":"product_cat","embeddable":true,"href":"https:\/\/4room.lv\/ru\/wp-json\/wp\/v2\/product_cat?post=155911"},{"taxonomy":"product_tag","embeddable":true,"href":"https:\/\/4room.lv\/ru\/wp-json\/wp\/v2\/product_tag?post=155911"}],"curies":[{"name":"wp","href":"https:\/\/api.w.org\/{rel}","templated":true}]}}