{"id":155921,"date":"2025-04-07T16:08:27","date_gmt":"2025-04-07T13:08:27","guid":{"rendered":"https:\/\/4room.lv\/?post_type=product&#038;p=155921"},"modified":"2025-12-28T19:18:59","modified_gmt":"2025-12-28T17:18:59","slug":"arc-floor-lamp-black","status":"publish","type":"product","link":"https:\/\/4room.lv\/ru\/veikals\/apgaismojums\/dekorativais\/arc-floor-lamp-black\/","title":{"rendered":"Arc floor lamp black"},"content":{"rendered":"","protected":false},"excerpt":{"rendered":"<p>Stil\u012bg\u0101 Arc lampa b\u016bs ide\u0101ls risin\u0101jums d\u012bv\u0101na zon\u0101. T\u0101 ir liela un augsta, l\u012bdz ar to sp\u0113s aizst\u0101t ar\u012b griestu gaismekli, piem\u0113ram virs galda. Lampas aba\u017e\u016brs ir melna auduma, nestandarta form\u0101, radot dinamisku dizaina efektu.<\/p>\n","protected":false},"featured_media":155922,"template":"","meta":[],"product_cat":[127,147],"product_tag":[],"class_list":{"0":"post-155921","1":"product","2":"type-product","3":"status-publish","4":"has-post-thumbnail","6":"product_brand-dutch-bone","7":"product_brand-white-label-living","8":"product_brand-zuiver","9":"product_cat-apgaismojums","10":"product_cat-dekorativais","12":"first","13":"instock","14":"shipping-taxable","15":"purchasable","16":"product-type-simple","17":"hongo-alternate-image-wrap"},"_links":{"self":[{"href":"https:\/\/4room.lv\/ru\/wp-json\/wp\/v2\/product\/155921","targetHints":{"allow":["GET"]}}],"collection":[{"href":"https:\/\/4room.lv\/ru\/wp-json\/wp\/v2\/product"}],"about":[{"href":"https:\/\/4room.lv\/ru\/wp-json\/wp\/v2\/types\/product"}],"wp:featuredmedia":[{"embeddable":true,"href":"https:\/\/4room.lv\/ru\/wp-json\/wp\/v2\/media\/155922"}],"wp:attachment":[{"href":"https:\/\/4room.lv\/ru\/wp-json\/wp\/v2\/media?parent=155921"}],"wp:term":[{"taxonomy":"product_cat","embeddable":true,"href":"https:\/\/4room.lv\/ru\/wp-json\/wp\/v2\/product_cat?post=155921"},{"taxonomy":"product_tag","embeddable":true,"href":"https:\/\/4room.lv\/ru\/wp-json\/wp\/v2\/product_tag?post=155921"}],"curies":[{"name":"wp","href":"https:\/\/api.w.org\/{rel}","templated":true}]}}