{"id":155931,"date":"2025-04-07T17:16:52","date_gmt":"2025-04-07T14:16:52","guid":{"rendered":"https:\/\/4room.lv\/?post_type=product&#038;p=155931"},"modified":"2025-05-29T14:55:30","modified_gmt":"2025-05-29T11:55:30","slug":"clement-medium-battery-leather-omaha-%c2%b7-chestnut-brown","status":"publish","type":"product","link":"https:\/\/4room.lv\/ru\/veikals\/mebeles\/kresli\/clement-medium-battery-leather-omaha-%c2%b7-chestnut-brown\/","title":{"rendered":"Clement Medium Battery Leather Omaha \u00b7 Chestnut Brown"},"content":{"rendered":"","protected":false},"excerpt":{"rendered":"<p>Izlai\u017eamais kr\u0113sls uz bateriju ir lielisks kompanjons slinkiem vakariem. Kr\u0113sls ir uzl\u0101d\u0113jams un t\u0101 baterija neb\u016bs atk\u0101rtoti j\u0101l\u0101d\u0113 vair\u0101kus m\u0113ne\u0161us. L\u012bdz ar to jums ir kr\u0113sls aar elektronisko vad\u012bbu, bet bez liekiem kabe\u013ciem. Kr\u0113lsa azveltne un kaju balsts vad\u0101s ar roku balst\u0101 gudri un paroc\u012bgi nosl\u0113pt\u0101m pog\u0101m. Galvas balsts regul\u0113jams manu\u0101li.<\/p>\n<p>Konkr\u0113tais modelis ir ide\u0101laj\u0101 br\u016bnaj\u0101 ton\u012b, kas ir ne glu\u017ei silts, bet ne v\u0113si br\u016bns, bet tiesi pa vidu, lai pieska\u0146otos visam! Koka apdare elegantaj\u0101 valriekst\u0101, p\u0113da melna. Apstr\u0101d\u0101ta dab\u012bg\u0101 \u0101da kalpos ilgi un neskr\u0101p\u0113sies tik \u0101tri k\u0101 anel\u012bns. Padom\u0101ts ar\u012b par to, lai mugura elpo, jo muguras lejas da\u013c\u0101 kr\u0113slam \u0101da ir perfor\u0113ta.<\/p>\n<p>Protams, kr\u0113slam ir a\u0157\u012b citas vari\u0101cijas. Par iesp\u0113j\u0101m variet v\u0113rsties pie mums un izst\u0101st\u012bsim jau s\u012bk\u0101k.<\/p>\n<p>M\u0113s ticam ka jums tas patiks! N\u0101ciet ies\u0113sties pie mums salon\u0101 un iem\u0113\u0123in\u0101t, bet br\u012bdin\u0101m &#8212; piecelties b\u016bs gr\u016bti.<\/p>\n","protected":false},"featured_media":155944,"template":"","meta":[],"product_cat":[129,145,144],"product_tag":[],"class_list":{"0":"post-155931","1":"product","2":"type-product","3":"status-publish","4":"has-post-thumbnail","6":"product_brand-flexlux","7":"product_cat-mebeles","8":"product_cat-divani","9":"product_cat-kresli","11":"first","12":"instock","13":"shipping-taxable","14":"purchasable","15":"product-type-simple","16":"hongo-alternate-image-wrap"},"_links":{"self":[{"href":"https:\/\/4room.lv\/ru\/wp-json\/wp\/v2\/product\/155931","targetHints":{"allow":["GET"]}}],"collection":[{"href":"https:\/\/4room.lv\/ru\/wp-json\/wp\/v2\/product"}],"about":[{"href":"https:\/\/4room.lv\/ru\/wp-json\/wp\/v2\/types\/product"}],"wp:featuredmedia":[{"embeddable":true,"href":"https:\/\/4room.lv\/ru\/wp-json\/wp\/v2\/media\/155944"}],"wp:attachment":[{"href":"https:\/\/4room.lv\/ru\/wp-json\/wp\/v2\/media?parent=155931"}],"wp:term":[{"taxonomy":"product_cat","embeddable":true,"href":"https:\/\/4room.lv\/ru\/wp-json\/wp\/v2\/product_cat?post=155931"},{"taxonomy":"product_tag","embeddable":true,"href":"https:\/\/4room.lv\/ru\/wp-json\/wp\/v2\/product_tag?post=155931"}],"curies":[{"name":"wp","href":"https:\/\/api.w.org\/{rel}","templated":true}]}}