{"id":156008,"date":"2025-04-08T17:35:49","date_gmt":"2025-04-08T14:35:49","guid":{"rendered":"https:\/\/4room.lv\/?post_type=product&#038;p=156008"},"modified":"2025-04-08T17:35:49","modified_gmt":"2025-04-08T14:35:49","slug":"mr-magoo-75","status":"publish","type":"product","link":"https:\/\/4room.lv\/ru\/veikals\/apgaismojums\/dekorativais\/mr-magoo-75\/","title":{"rendered":"Mr. Magoo 75"},"content":{"rendered":"","protected":false},"excerpt":{"rendered":"<p>Mr Magoo ir piekarin\u0101ms gaismeklis, kas peld gais\u0101 k\u0101 m\u012bksts m\u0101konis. T\u0101 glud\u0101s, aptvero\u0161\u0101s l\u012bnijas pie\u0161\u0137ir vieglumu jebkurai telpai, radot pat\u012bkamu atmosf\u0113ru. Gaismeklis ir ar jaud\u012bgu Led kas lieliski izgaismos telpu, tas ir dimm\u0113jams.<\/p>\n<p>Dizains: Mirco Crosatto, 2010<br \/>\nReddot Design Award 2015<\/p>\n","protected":false},"featured_media":156015,"template":"","meta":[],"product_cat":[1058,127,147],"product_tag":[],"class_list":{"0":"post-156008","1":"product","2":"type-product","3":"status-publish","4":"has-post-thumbnail","6":"product_brand-stilnovo","7":"product_cat-dizaina","8":"product_cat-apgaismojums","9":"product_cat-dekorativais","11":"first","12":"instock","13":"shipping-taxable","14":"purchasable","15":"product-type-simple","16":"hongo-alternate-image-wrap"},"_links":{"self":[{"href":"https:\/\/4room.lv\/ru\/wp-json\/wp\/v2\/product\/156008","targetHints":{"allow":["GET"]}}],"collection":[{"href":"https:\/\/4room.lv\/ru\/wp-json\/wp\/v2\/product"}],"about":[{"href":"https:\/\/4room.lv\/ru\/wp-json\/wp\/v2\/types\/product"}],"wp:featuredmedia":[{"embeddable":true,"href":"https:\/\/4room.lv\/ru\/wp-json\/wp\/v2\/media\/156015"}],"wp:attachment":[{"href":"https:\/\/4room.lv\/ru\/wp-json\/wp\/v2\/media?parent=156008"}],"wp:term":[{"taxonomy":"product_cat","embeddable":true,"href":"https:\/\/4room.lv\/ru\/wp-json\/wp\/v2\/product_cat?post=156008"},{"taxonomy":"product_tag","embeddable":true,"href":"https:\/\/4room.lv\/ru\/wp-json\/wp\/v2\/product_tag?post=156008"}],"curies":[{"name":"wp","href":"https:\/\/api.w.org\/{rel}","templated":true}]}}