{"id":156078,"date":"2025-09-09T14:11:41","date_gmt":"2025-09-09T11:11:41","guid":{"rendered":"https:\/\/4room.lv\/?post_type=product&#038;p=156078"},"modified":"2025-10-17T10:52:41","modified_gmt":"2025-10-17T07:52:41","slug":"polo-bedside-table","status":"publish","type":"product","link":"https:\/\/4room.lv\/ru\/veikals\/mebeles\/plaukti-un-skapji\/polo-bedside-table\/","title":{"rendered":"Polo bedside table"},"content":{"rendered":"","protected":false},"excerpt":{"rendered":"<p>Stil\u012bgs galdi\u0146\u0161, ko var izmantot k\u0101 nakstskap\u012bti vai \u0113rtu mazo galdi\u0146u pie kr\u0113sla vai d\u012bv\u0101na. Tam ir \u0113rta atvilkne daz\u0101du s\u012bkumu uzglab\u0101\u0161anai.<\/p>\n","protected":false},"featured_media":156082,"template":"","meta":[],"product_cat":[129,143],"product_tag":[],"class_list":{"0":"post-156078","1":"product","2":"type-product","3":"status-publish","4":"has-post-thumbnail","6":"product_cat-mebeles","7":"product_cat-plaukti-un-skapji","9":"first","10":"instock","11":"sale","12":"shipping-taxable","13":"purchasable","14":"product-type-simple","15":"hongo-alternate-image-wrap"},"_links":{"self":[{"href":"https:\/\/4room.lv\/ru\/wp-json\/wp\/v2\/product\/156078","targetHints":{"allow":["GET"]}}],"collection":[{"href":"https:\/\/4room.lv\/ru\/wp-json\/wp\/v2\/product"}],"about":[{"href":"https:\/\/4room.lv\/ru\/wp-json\/wp\/v2\/types\/product"}],"wp:featuredmedia":[{"embeddable":true,"href":"https:\/\/4room.lv\/ru\/wp-json\/wp\/v2\/media\/156082"}],"wp:attachment":[{"href":"https:\/\/4room.lv\/ru\/wp-json\/wp\/v2\/media?parent=156078"}],"wp:term":[{"taxonomy":"product_cat","embeddable":true,"href":"https:\/\/4room.lv\/ru\/wp-json\/wp\/v2\/product_cat?post=156078"},{"taxonomy":"product_tag","embeddable":true,"href":"https:\/\/4room.lv\/ru\/wp-json\/wp\/v2\/product_tag?post=156078"}],"curies":[{"name":"wp","href":"https:\/\/api.w.org\/{rel}","templated":true}]}}