{"id":156127,"date":"2025-04-09T15:19:36","date_gmt":"2025-04-09T12:19:36","guid":{"rendered":"https:\/\/4room.lv\/?post_type=product&#038;p=156127"},"modified":"2025-10-17T10:52:16","modified_gmt":"2025-10-17T07:52:16","slug":"owen-desk-chair","status":"publish","type":"product","link":"https:\/\/4room.lv\/ru\/veikals\/biroja-mebeles\/biroja-kresli\/owen-desk-chair\/","title":{"rendered":"Owen desk chair"},"content":{"rendered":"","protected":false},"excerpt":{"rendered":"<p>Stil\u012bgs ofisa kr\u0113sls \u0113rtai izmanto\u0161anai bez roku balstiem. Klasisk\u0101 meln\u0101 un ozolkoka kombin\u0101cija aktualit\u0101ti saglab\u0101 vienm\u0113r. Kr\u0113slam ir regul\u0113jams augstums.<\/p>\n","protected":false},"featured_media":156128,"template":"","meta":[],"product_cat":[131,337,129,144],"product_tag":[],"class_list":{"0":"post-156127","1":"product","2":"type-product","3":"status-publish","4":"has-post-thumbnail","6":"product_cat-biroja-mebeles","7":"product_cat-biroja-kresli","8":"product_cat-mebeles","9":"product_cat-kresli","11":"first","12":"instock","13":"sale","14":"shipping-taxable","15":"purchasable","16":"product-type-simple","17":"hongo-alternate-image-wrap"},"_links":{"self":[{"href":"https:\/\/4room.lv\/ru\/wp-json\/wp\/v2\/product\/156127","targetHints":{"allow":["GET"]}}],"collection":[{"href":"https:\/\/4room.lv\/ru\/wp-json\/wp\/v2\/product"}],"about":[{"href":"https:\/\/4room.lv\/ru\/wp-json\/wp\/v2\/types\/product"}],"wp:featuredmedia":[{"embeddable":true,"href":"https:\/\/4room.lv\/ru\/wp-json\/wp\/v2\/media\/156128"}],"wp:attachment":[{"href":"https:\/\/4room.lv\/ru\/wp-json\/wp\/v2\/media?parent=156127"}],"wp:term":[{"taxonomy":"product_cat","embeddable":true,"href":"https:\/\/4room.lv\/ru\/wp-json\/wp\/v2\/product_cat?post=156127"},{"taxonomy":"product_tag","embeddable":true,"href":"https:\/\/4room.lv\/ru\/wp-json\/wp\/v2\/product_tag?post=156127"}],"curies":[{"name":"wp","href":"https:\/\/api.w.org\/{rel}","templated":true}]}}